{"id":357,"date":"2022-11-18T19:53:53","date_gmt":"2022-11-18T18:53:53","guid":{"rendered":"http:\/\/clementineminisini.fr\/?page_id=357"},"modified":"2022-11-19T10:38:24","modified_gmt":"2022-11-19T09:38:24","slug":"jetouwu","status":"publish","type":"page","link":"https:\/\/clementineminisini.fr\/index.php\/jetouwu\/","title":{"rendered":"J\u00e9tOuWu"},"content":{"rendered":"\n<p>Cherche et trouve<\/p>\n\n\n\n<p>Apr\u00e8s avoir rassembler tous les hexagones pour cr\u00e9er une forme al\u00e9atoire, une carte est tir\u00e9e au sort. Elle est montr\u00e9e en m\u00eame temps \u00e0 tous les joueurs qui se mettent \u00e0 la rechercher sur le plateau. Le premier \u00e0 rep\u00e9rer l&#8217;image la pointe en disant &#8220;j&#8217;ai tout vu&#8221; et emporte la carte. Celui qui aura r\u00e9uni le plus grand nombre de cartes gagne.<\/p>\n\n\n<div class=\"wp-block-image\">\n<figure class=\"alignleft size-large\"><img loading=\"lazy\" decoding=\"async\" width=\"1024\" height=\"768\" src=\"http:\/\/clementineminisini.fr\/wp-content\/uploads\/2022\/11\/IMG_20221115_142952-1024x768.jpg\" alt=\"\" class=\"wp-image-358\" srcset=\"https:\/\/clementineminisini.fr\/wp-content\/uploads\/2022\/11\/IMG_20221115_142952-1024x768.jpg 1024w, https:\/\/clementineminisini.fr\/wp-content\/uploads\/2022\/11\/IMG_20221115_142952-300x225.jpg 300w, https:\/\/clementineminisini.fr\/wp-content\/uploads\/2022\/11\/IMG_20221115_142952-768x576.jpg 768w, https:\/\/clementineminisini.fr\/wp-content\/uploads\/2022\/11\/IMG_20221115_142952-1536x1152.jpg 1536w, https:\/\/clementineminisini.fr\/wp-content\/uploads\/2022\/11\/IMG_20221115_142952-2048x1536.jpg 2048w\" sizes=\"auto, (max-width: 1024px) 100vw, 1024px\" \/><\/figure>\n<\/div>\n\n<div class=\"wp-block-image\">\n<figure class=\"alignleft size-large\"><img loading=\"lazy\" decoding=\"async\" width=\"1024\" height=\"859\" src=\"http:\/\/clementineminisini.fr\/wp-content\/uploads\/2022\/11\/IMG_20221115_142740-1024x859.jpg\" alt=\"\" class=\"wp-image-359\" srcset=\"https:\/\/clementineminisini.fr\/wp-content\/uploads\/2022\/11\/IMG_20221115_142740-1024x859.jpg 1024w, https:\/\/clementineminisini.fr\/wp-content\/uploads\/2022\/11\/IMG_20221115_142740-300x252.jpg 300w, https:\/\/clementineminisini.fr\/wp-content\/uploads\/2022\/11\/IMG_20221115_142740-768x644.jpg 768w, https:\/\/clementineminisini.fr\/wp-content\/uploads\/2022\/11\/IMG_20221115_142740-1536x1289.jpg 1536w, https:\/\/clementineminisini.fr\/wp-content\/uploads\/2022\/11\/IMG_20221115_142740-2048x1718.jpg 2048w\" sizes=\"auto, (max-width: 1024px) 100vw, 1024px\" \/><\/figure>\n<\/div>\n\n<div class=\"wp-block-image\">\n<figure class=\"alignleft size-large\"><img loading=\"lazy\" decoding=\"async\" width=\"1024\" height=\"768\" src=\"http:\/\/clementineminisini.fr\/wp-content\/uploads\/2022\/11\/IMG_20221115_143749-1024x768.jpg\" alt=\"\" class=\"wp-image-360\" srcset=\"https:\/\/clementineminisini.fr\/wp-content\/uploads\/2022\/11\/IMG_20221115_143749-1024x768.jpg 1024w, https:\/\/clementineminisini.fr\/wp-content\/uploads\/2022\/11\/IMG_20221115_143749-300x225.jpg 300w, https:\/\/clementineminisini.fr\/wp-content\/uploads\/2022\/11\/IMG_20221115_143749-768x576.jpg 768w, https:\/\/clementineminisini.fr\/wp-content\/uploads\/2022\/11\/IMG_20221115_143749-1536x1152.jpg 1536w, https:\/\/clementineminisini.fr\/wp-content\/uploads\/2022\/11\/IMG_20221115_143749-2048x1536.jpg 2048w\" sizes=\"auto, (max-width: 1024px) 100vw, 1024px\" \/><\/figure>\n<\/div>","protected":false},"excerpt":{"rendered":"<p>Cherche et trouve Apr\u00e8s avoir rassembler tous les hexagones pour cr\u00e9er une forme al\u00e9atoire, une carte est tir\u00e9e au sort. Elle est montr\u00e9e en m\u00eame temps \u00e0 tous les joueurs qui se mettent \u00e0 la rechercher sur le plateau. Le premier \u00e0 rep\u00e9rer l&#8217;image la pointe en disant &#8220;j&#8217;ai tout vu&#8221; et emporte la carte.<\/p>\n<p class=\"more-link-wrapper\"><a href=\"https:\/\/clementineminisini.fr\/index.php\/jetouwu\/\" class=\"more-link\">Continue Reading<span class=\"screen-reader-text\"> &#8220;J\u00e9tOuWu&#8221;<\/span><\/a><\/p>\n","protected":false},"author":1,"featured_media":0,"parent":0,"menu_order":0,"comment_status":"closed","ping_status":"closed","template":"","meta":{"footnotes":""},"class_list":["post-357","page","type-page","status-publish","hentry"],"yoast_head":"<!-- This site is optimized with the Yoast SEO plugin v20.6 - https:\/\/yoast.com\/wordpress\/plugins\/seo\/ -->\n<title>J\u00e9tOuWu - Cl\u00e9mentine Minisini<\/title>\n<meta name=\"description\" content=\"Un jeu sur le principe du cherche et trouve.\" \/>\n<meta name=\"robots\" content=\"index, follow, max-snippet:-1, max-image-preview:large, max-video-preview:-1\" \/>\n<link rel=\"canonical\" href=\"https:\/\/clementineminisini.fr\/index.php\/jetouwu\/\" \/>\n<meta property=\"og:locale\" content=\"en_US\" \/>\n<meta property=\"og:type\" content=\"article\" \/>\n<meta property=\"og:title\" content=\"J\u00e9tOuWu - Cl\u00e9mentine Minisini\" \/>\n<meta property=\"og:description\" content=\"Un jeu sur le principe du cherche et trouve.\" \/>\n<meta property=\"og:url\" content=\"https:\/\/clementineminisini.fr\/index.php\/jetouwu\/\" \/>\n<meta property=\"og:site_name\" content=\"Cl\u00e9mentine Minisini\" \/>\n<meta property=\"article:modified_time\" content=\"2022-11-19T09:38:24+00:00\" \/>\n<meta property=\"og:image\" content=\"http:\/\/clementineminisini.fr\/wp-content\/uploads\/2022\/11\/IMG_20221115_142952-1024x768.jpg\" \/>\n<meta name=\"twitter:label1\" content=\"Est. reading time\" \/>\n\t<meta name=\"twitter:data1\" content=\"1 minute\" \/>\n<script type=\"application\/ld+json\" class=\"yoast-schema-graph\">{\"@context\":\"https:\/\/schema.org\",\"@graph\":[{\"@type\":\"WebPage\",\"@id\":\"https:\/\/clementineminisini.fr\/index.php\/jetouwu\/\",\"url\":\"https:\/\/clementineminisini.fr\/index.php\/jetouwu\/\",\"name\":\"J\u00e9tOuWu - Cl\u00e9mentine Minisini\",\"isPartOf\":{\"@id\":\"https:\/\/clementineminisini.fr\/#website\"},\"datePublished\":\"2022-11-18T18:53:53+00:00\",\"dateModified\":\"2022-11-19T09:38:24+00:00\",\"description\":\"Un jeu sur le principe du cherche et trouve.\",\"breadcrumb\":{\"@id\":\"https:\/\/clementineminisini.fr\/index.php\/jetouwu\/#breadcrumb\"},\"inLanguage\":\"en-US\",\"potentialAction\":[{\"@type\":\"ReadAction\",\"target\":[\"https:\/\/clementineminisini.fr\/index.php\/jetouwu\/\"]}]},{\"@type\":\"BreadcrumbList\",\"@id\":\"https:\/\/clementineminisini.fr\/index.php\/jetouwu\/#breadcrumb\",\"itemListElement\":[{\"@type\":\"ListItem\",\"position\":1,\"name\":\"Accueil\",\"item\":\"https:\/\/clementineminisini.fr\/\"},{\"@type\":\"ListItem\",\"position\":2,\"name\":\"J\u00e9tOuWu\"}]},{\"@type\":\"WebSite\",\"@id\":\"https:\/\/clementineminisini.fr\/#website\",\"url\":\"https:\/\/clementineminisini.fr\/\",\"name\":\"Cl\u00e9mentine Minisini\",\"description\":\"soleil, canard et chocolat\",\"potentialAction\":[{\"@type\":\"SearchAction\",\"target\":{\"@type\":\"EntryPoint\",\"urlTemplate\":\"https:\/\/clementineminisini.fr\/?s={search_term_string}\"},\"query-input\":\"required name=search_term_string\"}],\"inLanguage\":\"en-US\"}]}<\/script>\n<!-- \/ Yoast SEO plugin. -->","yoast_head_json":{"title":"J\u00e9tOuWu - Cl\u00e9mentine Minisini","description":"Un jeu sur le principe du cherche et trouve.","robots":{"index":"index","follow":"follow","max-snippet":"max-snippet:-1","max-image-preview":"max-image-preview:large","max-video-preview":"max-video-preview:-1"},"canonical":"https:\/\/clementineminisini.fr\/index.php\/jetouwu\/","og_locale":"en_US","og_type":"article","og_title":"J\u00e9tOuWu - Cl\u00e9mentine Minisini","og_description":"Un jeu sur le principe du cherche et trouve.","og_url":"https:\/\/clementineminisini.fr\/index.php\/jetouwu\/","og_site_name":"Cl\u00e9mentine Minisini","article_modified_time":"2022-11-19T09:38:24+00:00","og_image":[{"url":"http:\/\/clementineminisini.fr\/wp-content\/uploads\/2022\/11\/IMG_20221115_142952-1024x768.jpg"}],"twitter_misc":{"Est. reading time":"1 minute"},"schema":{"@context":"https:\/\/schema.org","@graph":[{"@type":"WebPage","@id":"https:\/\/clementineminisini.fr\/index.php\/jetouwu\/","url":"https:\/\/clementineminisini.fr\/index.php\/jetouwu\/","name":"J\u00e9tOuWu - Cl\u00e9mentine Minisini","isPartOf":{"@id":"https:\/\/clementineminisini.fr\/#website"},"datePublished":"2022-11-18T18:53:53+00:00","dateModified":"2022-11-19T09:38:24+00:00","description":"Un jeu sur le principe du cherche et trouve.","breadcrumb":{"@id":"https:\/\/clementineminisini.fr\/index.php\/jetouwu\/#breadcrumb"},"inLanguage":"en-US","potentialAction":[{"@type":"ReadAction","target":["https:\/\/clementineminisini.fr\/index.php\/jetouwu\/"]}]},{"@type":"BreadcrumbList","@id":"https:\/\/clementineminisini.fr\/index.php\/jetouwu\/#breadcrumb","itemListElement":[{"@type":"ListItem","position":1,"name":"Accueil","item":"https:\/\/clementineminisini.fr\/"},{"@type":"ListItem","position":2,"name":"J\u00e9tOuWu"}]},{"@type":"WebSite","@id":"https:\/\/clementineminisini.fr\/#website","url":"https:\/\/clementineminisini.fr\/","name":"Cl\u00e9mentine Minisini","description":"soleil, canard et chocolat","potentialAction":[{"@type":"SearchAction","target":{"@type":"EntryPoint","urlTemplate":"https:\/\/clementineminisini.fr\/?s={search_term_string}"},"query-input":"required name=search_term_string"}],"inLanguage":"en-US"}]}},"_links":{"self":[{"href":"https:\/\/clementineminisini.fr\/index.php\/wp-json\/wp\/v2\/pages\/357","targetHints":{"allow":["GET"]}}],"collection":[{"href":"https:\/\/clementineminisini.fr\/index.php\/wp-json\/wp\/v2\/pages"}],"about":[{"href":"https:\/\/clementineminisini.fr\/index.php\/wp-json\/wp\/v2\/types\/page"}],"author":[{"embeddable":true,"href":"https:\/\/clementineminisini.fr\/index.php\/wp-json\/wp\/v2\/users\/1"}],"replies":[{"embeddable":true,"href":"https:\/\/clementineminisini.fr\/index.php\/wp-json\/wp\/v2\/comments?post=357"}],"version-history":[{"count":5,"href":"https:\/\/clementineminisini.fr\/index.php\/wp-json\/wp\/v2\/pages\/357\/revisions"}],"predecessor-version":[{"id":388,"href":"https:\/\/clementineminisini.fr\/index.php\/wp-json\/wp\/v2\/pages\/357\/revisions\/388"}],"wp:attachment":[{"href":"https:\/\/clementineminisini.fr\/index.php\/wp-json\/wp\/v2\/media?parent=357"}],"curies":[{"name":"wp","href":"https:\/\/api.w.org\/{rel}","templated":true}]}}