{"id":346,"date":"2022-11-18T18:59:00","date_gmt":"2022-11-18T17:59:00","guid":{"rendered":"http:\/\/clementineminisini.fr\/?page_id=346"},"modified":"2023-01-11T11:21:06","modified_gmt":"2023-01-11T10:21:06","slug":"jardin-magnetique","status":"publish","type":"page","link":"https:\/\/clementineminisini.fr\/index.php\/jardin-magnetique\/","title":{"rendered":"Jardin magn\u00e9tique"},"content":{"rendered":"\n<p>Une bo\u00eete et 24 pochettes contenant une multitude de formes aimant\u00e9es pour jardiner sur son frigo<\/p>\n\n\n\n<p>Chaque jour, ouvre une pochette pour fleurir ton frigo ou autre surface aimant\u00e9e. <br>Associe les formes et les couleurs pour donner vie \u00e0 toutes sortes de plantes.<br>Ce jardin a l&#8217;avantage de ne pas craindre le froid, le soleil, le manque de luminosit\u00e9 ou d&#8217;arrosage.<\/p>\n\n\n\n<div class=\"wp-block-columns is-layout-flex wp-container-core-columns-is-layout-9d6595d7 wp-block-columns-is-layout-flex\">\n<div class=\"wp-block-column is-layout-flow wp-block-column-is-layout-flow\" style=\"flex-basis:100%\"><div class=\"wp-block-image\">\n<figure class=\"alignleft size-large\"><img loading=\"lazy\" decoding=\"async\" width=\"892\" height=\"1024\" src=\"http:\/\/clementineminisini.fr\/wp-content\/uploads\/2023\/01\/IMG_20221124_154607-892x1024.jpg\" alt=\"\" class=\"wp-image-390\" srcset=\"https:\/\/clementineminisini.fr\/wp-content\/uploads\/2023\/01\/IMG_20221124_154607-892x1024.jpg 892w, https:\/\/clementineminisini.fr\/wp-content\/uploads\/2023\/01\/IMG_20221124_154607-261x300.jpg 261w, https:\/\/clementineminisini.fr\/wp-content\/uploads\/2023\/01\/IMG_20221124_154607-768x882.jpg 768w, https:\/\/clementineminisini.fr\/wp-content\/uploads\/2023\/01\/IMG_20221124_154607-1337x1536.jpg 1337w, https:\/\/clementineminisini.fr\/wp-content\/uploads\/2023\/01\/IMG_20221124_154607-1783x2048.jpg 1783w\" sizes=\"auto, (max-width: 892px) 100vw, 892px\" \/><\/figure>\n<\/div><\/div>\n<\/div>\n\n\n\n<div class=\"wp-block-columns is-layout-flex wp-container-core-columns-is-layout-9d6595d7 wp-block-columns-is-layout-flex\">\n<div class=\"wp-block-column is-layout-flow wp-block-column-is-layout-flow\" style=\"flex-basis:100%\">\n<div class=\"wp-block-columns is-layout-flex wp-container-core-columns-is-layout-9d6595d7 wp-block-columns-is-layout-flex\">\n<div class=\"wp-block-column is-layout-flow wp-block-column-is-layout-flow\" style=\"flex-basis:100%\"><div class=\"wp-block-image\">\n<figure class=\"alignleft size-large\"><img loading=\"lazy\" decoding=\"async\" width=\"1024\" height=\"768\" src=\"http:\/\/clementineminisini.fr\/wp-content\/uploads\/2023\/01\/IMG_20221124_154638-1024x768.jpg\" alt=\"\" class=\"wp-image-393\" srcset=\"https:\/\/clementineminisini.fr\/wp-content\/uploads\/2023\/01\/IMG_20221124_154638-1024x768.jpg 1024w, https:\/\/clementineminisini.fr\/wp-content\/uploads\/2023\/01\/IMG_20221124_154638-300x225.jpg 300w, https:\/\/clementineminisini.fr\/wp-content\/uploads\/2023\/01\/IMG_20221124_154638-768x576.jpg 768w, https:\/\/clementineminisini.fr\/wp-content\/uploads\/2023\/01\/IMG_20221124_154638-1536x1152.jpg 1536w, https:\/\/clementineminisini.fr\/wp-content\/uploads\/2023\/01\/IMG_20221124_154638-2048x1536.jpg 2048w\" sizes=\"auto, (max-width: 1024px) 100vw, 1024px\" \/><\/figure>\n<\/div><\/div>\n<\/div>\n\n\n<div class=\"wp-block-image\">\n<figure class=\"alignleft size-large\"><img loading=\"lazy\" decoding=\"async\" width=\"1024\" height=\"845\" src=\"http:\/\/clementineminisini.fr\/wp-content\/uploads\/2023\/01\/IMG_20221124_154902-1024x845.jpg\" alt=\"\" class=\"wp-image-394\" srcset=\"https:\/\/clementineminisini.fr\/wp-content\/uploads\/2023\/01\/IMG_20221124_154902-1024x845.jpg 1024w, https:\/\/clementineminisini.fr\/wp-content\/uploads\/2023\/01\/IMG_20221124_154902-300x248.jpg 300w, https:\/\/clementineminisini.fr\/wp-content\/uploads\/2023\/01\/IMG_20221124_154902-768x634.jpg 768w, https:\/\/clementineminisini.fr\/wp-content\/uploads\/2023\/01\/IMG_20221124_154902-1536x1268.jpg 1536w, https:\/\/clementineminisini.fr\/wp-content\/uploads\/2023\/01\/IMG_20221124_154902-2048x1690.jpg 2048w\" sizes=\"auto, (max-width: 1024px) 100vw, 1024px\" \/><\/figure>\n<\/div><\/div>\n<\/div>\n\n\n<div class=\"wp-block-image\">\n<figure class=\"alignleft size-large\"><img loading=\"lazy\" decoding=\"async\" width=\"1024\" height=\"683\" src=\"http:\/\/clementineminisini.fr\/wp-content\/uploads\/2023\/01\/IMG_20221124_154418-1-1024x683.jpg\" alt=\"\" class=\"wp-image-392\" srcset=\"https:\/\/clementineminisini.fr\/wp-content\/uploads\/2023\/01\/IMG_20221124_154418-1-1024x683.jpg 1024w, https:\/\/clementineminisini.fr\/wp-content\/uploads\/2023\/01\/IMG_20221124_154418-1-300x200.jpg 300w, https:\/\/clementineminisini.fr\/wp-content\/uploads\/2023\/01\/IMG_20221124_154418-1-768x512.jpg 768w, https:\/\/clementineminisini.fr\/wp-content\/uploads\/2023\/01\/IMG_20221124_154418-1-1536x1024.jpg 1536w, https:\/\/clementineminisini.fr\/wp-content\/uploads\/2023\/01\/IMG_20221124_154418-1-2048x1365.jpg 2048w, https:\/\/clementineminisini.fr\/wp-content\/uploads\/2023\/01\/IMG_20221124_154418-1-1200x800.jpg 1200w\" sizes=\"auto, (max-width: 1024px) 100vw, 1024px\" \/><\/figure>\n<\/div>\n\n<div class=\"wp-block-image\">\n<figure class=\"alignleft size-large\"><img loading=\"lazy\" decoding=\"async\" width=\"834\" height=\"1024\" src=\"http:\/\/clementineminisini.fr\/wp-content\/uploads\/2022\/11\/IMG_20221115_152634-834x1024.jpg\" alt=\"\" class=\"wp-image-350\" srcset=\"https:\/\/clementineminisini.fr\/wp-content\/uploads\/2022\/11\/IMG_20221115_152634-834x1024.jpg 834w, https:\/\/clementineminisini.fr\/wp-content\/uploads\/2022\/11\/IMG_20221115_152634-244x300.jpg 244w, https:\/\/clementineminisini.fr\/wp-content\/uploads\/2022\/11\/IMG_20221115_152634-768x943.jpg 768w, https:\/\/clementineminisini.fr\/wp-content\/uploads\/2022\/11\/IMG_20221115_152634-1251x1536.jpg 1251w, https:\/\/clementineminisini.fr\/wp-content\/uploads\/2022\/11\/IMG_20221115_152634-1669x2048.jpg 1669w\" sizes=\"auto, (max-width: 834px) 100vw, 834px\" \/><\/figure>\n<\/div>\n\n<div class=\"wp-block-image\">\n<figure class=\"alignleft size-large is-resized\"><img loading=\"lazy\" decoding=\"async\" src=\"http:\/\/clementineminisini.fr\/wp-content\/uploads\/2022\/11\/IMG_20221115_153708-559x1024.jpg\" alt=\"\" class=\"wp-image-351\" width=\"760\" height=\"1392\" srcset=\"https:\/\/clementineminisini.fr\/wp-content\/uploads\/2022\/11\/IMG_20221115_153708-559x1024.jpg 559w, https:\/\/clementineminisini.fr\/wp-content\/uploads\/2022\/11\/IMG_20221115_153708-164x300.jpg 164w, https:\/\/clementineminisini.fr\/wp-content\/uploads\/2022\/11\/IMG_20221115_153708-768x1407.jpg 768w, https:\/\/clementineminisini.fr\/wp-content\/uploads\/2022\/11\/IMG_20221115_153708-839x1536.jpg 839w, https:\/\/clementineminisini.fr\/wp-content\/uploads\/2022\/11\/IMG_20221115_153708-1118x2048.jpg 1118w, https:\/\/clementineminisini.fr\/wp-content\/uploads\/2022\/11\/IMG_20221115_153708-scaled.jpg 1398w\" sizes=\"auto, (max-width: 760px) 100vw, 760px\" \/><\/figure>\n<\/div>","protected":false},"excerpt":{"rendered":"<p>Une bo\u00eete et 24 pochettes contenant une multitude de formes aimant\u00e9es pour jardiner sur son frigo Chaque jour, ouvre une pochette pour fleurir ton frigo ou autre surface aimant\u00e9e. Associe les formes et les couleurs pour donner vie \u00e0 toutes sortes de plantes.Ce jardin a l&#8217;avantage de ne pas craindre le froid, le soleil, le<\/p>\n<p class=\"more-link-wrapper\"><a href=\"https:\/\/clementineminisini.fr\/index.php\/jardin-magnetique\/\" class=\"more-link\">Continue Reading<span class=\"screen-reader-text\"> &#8220;Jardin magn\u00e9tique&#8221;<\/span><\/a><\/p>\n","protected":false},"author":1,"featured_media":0,"parent":0,"menu_order":0,"comment_status":"closed","ping_status":"closed","template":"","meta":{"footnotes":""},"class_list":["post-346","page","type-page","status-publish","hentry"],"yoast_head":"<!-- This site is optimized with the Yoast SEO plugin v20.6 - https:\/\/yoast.com\/wordpress\/plugins\/seo\/ -->\n<title>Jardin magn\u00e9tique - Cl\u00e9mentine Minisini<\/title>\n<meta name=\"description\" content=\"Un ensemble de magnet pour cr\u00e9er son jardin et fleurir sa cuisine sans besoin d&#039;eau, de luminosit\u00e9 ou de terreau.\" \/>\n<meta name=\"robots\" content=\"index, follow, max-snippet:-1, max-image-preview:large, max-video-preview:-1\" \/>\n<link rel=\"canonical\" href=\"https:\/\/clementineminisini.fr\/index.php\/jardin-magnetique\/\" \/>\n<meta property=\"og:locale\" content=\"en_US\" \/>\n<meta property=\"og:type\" content=\"article\" \/>\n<meta property=\"og:title\" content=\"Jardin magn\u00e9tique - Cl\u00e9mentine Minisini\" \/>\n<meta property=\"og:description\" content=\"Un ensemble de magnet pour cr\u00e9er son jardin et fleurir sa cuisine sans besoin d&#039;eau, de luminosit\u00e9 ou de terreau.\" \/>\n<meta property=\"og:url\" content=\"https:\/\/clementineminisini.fr\/index.php\/jardin-magnetique\/\" \/>\n<meta property=\"og:site_name\" content=\"Cl\u00e9mentine Minisini\" \/>\n<meta property=\"article:modified_time\" content=\"2023-01-11T10:21:06+00:00\" \/>\n<meta property=\"og:image\" content=\"http:\/\/clementineminisini.fr\/wp-content\/uploads\/2023\/01\/IMG_20221124_154607-892x1024.jpg\" \/>\n<meta name=\"twitter:label1\" content=\"Est. reading time\" \/>\n\t<meta name=\"twitter:data1\" content=\"2 minutes\" \/>\n<script type=\"application\/ld+json\" class=\"yoast-schema-graph\">{\"@context\":\"https:\/\/schema.org\",\"@graph\":[{\"@type\":\"WebPage\",\"@id\":\"https:\/\/clementineminisini.fr\/index.php\/jardin-magnetique\/\",\"url\":\"https:\/\/clementineminisini.fr\/index.php\/jardin-magnetique\/\",\"name\":\"Jardin magn\u00e9tique - Cl\u00e9mentine Minisini\",\"isPartOf\":{\"@id\":\"https:\/\/clementineminisini.fr\/#website\"},\"datePublished\":\"2022-11-18T17:59:00+00:00\",\"dateModified\":\"2023-01-11T10:21:06+00:00\",\"description\":\"Un ensemble de magnet pour cr\u00e9er son jardin et fleurir sa cuisine sans besoin d'eau, de luminosit\u00e9 ou de terreau.\",\"breadcrumb\":{\"@id\":\"https:\/\/clementineminisini.fr\/index.php\/jardin-magnetique\/#breadcrumb\"},\"inLanguage\":\"en-US\",\"potentialAction\":[{\"@type\":\"ReadAction\",\"target\":[\"https:\/\/clementineminisini.fr\/index.php\/jardin-magnetique\/\"]}]},{\"@type\":\"BreadcrumbList\",\"@id\":\"https:\/\/clementineminisini.fr\/index.php\/jardin-magnetique\/#breadcrumb\",\"itemListElement\":[{\"@type\":\"ListItem\",\"position\":1,\"name\":\"Accueil\",\"item\":\"https:\/\/clementineminisini.fr\/\"},{\"@type\":\"ListItem\",\"position\":2,\"name\":\"Jardin magn\u00e9tique\"}]},{\"@type\":\"WebSite\",\"@id\":\"https:\/\/clementineminisini.fr\/#website\",\"url\":\"https:\/\/clementineminisini.fr\/\",\"name\":\"Cl\u00e9mentine Minisini\",\"description\":\"soleil, canard et chocolat\",\"potentialAction\":[{\"@type\":\"SearchAction\",\"target\":{\"@type\":\"EntryPoint\",\"urlTemplate\":\"https:\/\/clementineminisini.fr\/?s={search_term_string}\"},\"query-input\":\"required name=search_term_string\"}],\"inLanguage\":\"en-US\"}]}<\/script>\n<!-- \/ Yoast SEO plugin. -->","yoast_head_json":{"title":"Jardin magn\u00e9tique - Cl\u00e9mentine Minisini","description":"Un ensemble de magnet pour cr\u00e9er son jardin et fleurir sa cuisine sans besoin d'eau, de luminosit\u00e9 ou de terreau.","robots":{"index":"index","follow":"follow","max-snippet":"max-snippet:-1","max-image-preview":"max-image-preview:large","max-video-preview":"max-video-preview:-1"},"canonical":"https:\/\/clementineminisini.fr\/index.php\/jardin-magnetique\/","og_locale":"en_US","og_type":"article","og_title":"Jardin magn\u00e9tique - Cl\u00e9mentine Minisini","og_description":"Un ensemble de magnet pour cr\u00e9er son jardin et fleurir sa cuisine sans besoin d'eau, de luminosit\u00e9 ou de terreau.","og_url":"https:\/\/clementineminisini.fr\/index.php\/jardin-magnetique\/","og_site_name":"Cl\u00e9mentine Minisini","article_modified_time":"2023-01-11T10:21:06+00:00","og_image":[{"url":"http:\/\/clementineminisini.fr\/wp-content\/uploads\/2023\/01\/IMG_20221124_154607-892x1024.jpg"}],"twitter_misc":{"Est. reading time":"2 minutes"},"schema":{"@context":"https:\/\/schema.org","@graph":[{"@type":"WebPage","@id":"https:\/\/clementineminisini.fr\/index.php\/jardin-magnetique\/","url":"https:\/\/clementineminisini.fr\/index.php\/jardin-magnetique\/","name":"Jardin magn\u00e9tique - Cl\u00e9mentine Minisini","isPartOf":{"@id":"https:\/\/clementineminisini.fr\/#website"},"datePublished":"2022-11-18T17:59:00+00:00","dateModified":"2023-01-11T10:21:06+00:00","description":"Un ensemble de magnet pour cr\u00e9er son jardin et fleurir sa cuisine sans besoin d'eau, de luminosit\u00e9 ou de terreau.","breadcrumb":{"@id":"https:\/\/clementineminisini.fr\/index.php\/jardin-magnetique\/#breadcrumb"},"inLanguage":"en-US","potentialAction":[{"@type":"ReadAction","target":["https:\/\/clementineminisini.fr\/index.php\/jardin-magnetique\/"]}]},{"@type":"BreadcrumbList","@id":"https:\/\/clementineminisini.fr\/index.php\/jardin-magnetique\/#breadcrumb","itemListElement":[{"@type":"ListItem","position":1,"name":"Accueil","item":"https:\/\/clementineminisini.fr\/"},{"@type":"ListItem","position":2,"name":"Jardin magn\u00e9tique"}]},{"@type":"WebSite","@id":"https:\/\/clementineminisini.fr\/#website","url":"https:\/\/clementineminisini.fr\/","name":"Cl\u00e9mentine Minisini","description":"soleil, canard et chocolat","potentialAction":[{"@type":"SearchAction","target":{"@type":"EntryPoint","urlTemplate":"https:\/\/clementineminisini.fr\/?s={search_term_string}"},"query-input":"required name=search_term_string"}],"inLanguage":"en-US"}]}},"_links":{"self":[{"href":"https:\/\/clementineminisini.fr\/index.php\/wp-json\/wp\/v2\/pages\/346","targetHints":{"allow":["GET"]}}],"collection":[{"href":"https:\/\/clementineminisini.fr\/index.php\/wp-json\/wp\/v2\/pages"}],"about":[{"href":"https:\/\/clementineminisini.fr\/index.php\/wp-json\/wp\/v2\/types\/page"}],"author":[{"embeddable":true,"href":"https:\/\/clementineminisini.fr\/index.php\/wp-json\/wp\/v2\/users\/1"}],"replies":[{"embeddable":true,"href":"https:\/\/clementineminisini.fr\/index.php\/wp-json\/wp\/v2\/comments?post=346"}],"version-history":[{"count":11,"href":"https:\/\/clementineminisini.fr\/index.php\/wp-json\/wp\/v2\/pages\/346\/revisions"}],"predecessor-version":[{"id":398,"href":"https:\/\/clementineminisini.fr\/index.php\/wp-json\/wp\/v2\/pages\/346\/revisions\/398"}],"wp:attachment":[{"href":"https:\/\/clementineminisini.fr\/index.php\/wp-json\/wp\/v2\/media?parent=346"}],"curies":[{"name":"wp","href":"https:\/\/api.w.org\/{rel}","templated":true}]}}