{"id":28,"date":"2021-03-27T21:57:24","date_gmt":"2021-03-27T20:57:24","guid":{"rendered":"http:\/\/clementineminisini.fr\/?page_id=28"},"modified":"2022-11-18T20:12:05","modified_gmt":"2022-11-18T19:12:05","slug":"la-pelouse","status":"publish","type":"page","link":"https:\/\/clementineminisini.fr\/index.php\/la-pelouse\/","title":{"rendered":"La Pelouse"},"content":{"rendered":"\n<p>Carte de type IGN<\/p>\n\n\n\n<p>\u00c0 la recherche d\u2019un camion bleu.<br>Exploration des possibilit\u00e9s d\u2019emplacement du camion par le biais de la retranscription graphique et g\u00e9ographique, rechercher le camion avec les annonces pass\u00e9es sur le site Leboncoin, par le r\u00e9cit et par les souvenirs.<\/p>\n\n\n\n<figure class=\"wp-block-gallery has-nested-images columns-2 is-cropped wp-block-gallery-1 is-layout-flex wp-block-gallery-is-layout-flex\">\n<figure class=\"wp-block-image size-large\"><img loading=\"lazy\" decoding=\"async\" width=\"1024\" height=\"1024\" data-id=\"69\" src=\"http:\/\/clementineminisini.fr\/wp-content\/uploads\/2021\/03\/DSC_0128-1024x1024.jpg\" alt=\"\" class=\"wp-image-69\" srcset=\"https:\/\/clementineminisini.fr\/wp-content\/uploads\/2021\/03\/DSC_0128-1024x1024.jpg 1024w, https:\/\/clementineminisini.fr\/wp-content\/uploads\/2021\/03\/DSC_0128-300x300.jpg 300w, https:\/\/clementineminisini.fr\/wp-content\/uploads\/2021\/03\/DSC_0128-150x150.jpg 150w, https:\/\/clementineminisini.fr\/wp-content\/uploads\/2021\/03\/DSC_0128-768x768.jpg 768w, https:\/\/clementineminisini.fr\/wp-content\/uploads\/2021\/03\/DSC_0128-1536x1536.jpg 1536w, https:\/\/clementineminisini.fr\/wp-content\/uploads\/2021\/03\/DSC_0128-2048x2048.jpg 2048w, https:\/\/clementineminisini.fr\/wp-content\/uploads\/2021\/03\/DSC_0128-640x640.jpg 640w, https:\/\/clementineminisini.fr\/wp-content\/uploads\/2021\/03\/DSC_0128-1200x1200.jpg 1200w\" sizes=\"auto, (max-width: 1024px) 100vw, 1024px\" \/><\/figure>\n\n\n\n<figure class=\"wp-block-image size-large\"><img loading=\"lazy\" decoding=\"async\" width=\"1024\" height=\"953\" data-id=\"70\" src=\"http:\/\/clementineminisini.fr\/wp-content\/uploads\/2021\/03\/DSC_0132-1024x953.jpg\" alt=\"\" class=\"wp-image-70\" srcset=\"https:\/\/clementineminisini.fr\/wp-content\/uploads\/2021\/03\/DSC_0132-1024x953.jpg 1024w, https:\/\/clementineminisini.fr\/wp-content\/uploads\/2021\/03\/DSC_0132-300x279.jpg 300w, https:\/\/clementineminisini.fr\/wp-content\/uploads\/2021\/03\/DSC_0132-768x715.jpg 768w, https:\/\/clementineminisini.fr\/wp-content\/uploads\/2021\/03\/DSC_0132-1536x1430.jpg 1536w, https:\/\/clementineminisini.fr\/wp-content\/uploads\/2021\/03\/DSC_0132-2048x1907.jpg 2048w\" sizes=\"auto, (max-width: 1024px) 100vw, 1024px\" \/><\/figure>\n\n\n\n<figure class=\"wp-block-image size-large\"><img loading=\"lazy\" decoding=\"async\" width=\"1024\" height=\"1024\" data-id=\"71\" src=\"http:\/\/clementineminisini.fr\/wp-content\/uploads\/2021\/03\/DSC_0136-1024x1024.jpg\" alt=\"\" class=\"wp-image-71\" srcset=\"https:\/\/clementineminisini.fr\/wp-content\/uploads\/2021\/03\/DSC_0136-1024x1024.jpg 1024w, https:\/\/clementineminisini.fr\/wp-content\/uploads\/2021\/03\/DSC_0136-300x300.jpg 300w, https:\/\/clementineminisini.fr\/wp-content\/uploads\/2021\/03\/DSC_0136-150x150.jpg 150w, https:\/\/clementineminisini.fr\/wp-content\/uploads\/2021\/03\/DSC_0136-768x768.jpg 768w, https:\/\/clementineminisini.fr\/wp-content\/uploads\/2021\/03\/DSC_0136-1536x1536.jpg 1536w, https:\/\/clementineminisini.fr\/wp-content\/uploads\/2021\/03\/DSC_0136-2048x2048.jpg 2048w, https:\/\/clementineminisini.fr\/wp-content\/uploads\/2021\/03\/DSC_0136-640x640.jpg 640w, https:\/\/clementineminisini.fr\/wp-content\/uploads\/2021\/03\/DSC_0136-1200x1200.jpg 1200w\" sizes=\"auto, (max-width: 1024px) 100vw, 1024px\" \/><\/figure>\n<\/figure>\n\n\n\n<figure class=\"wp-block-image size-large\"><img loading=\"lazy\" decoding=\"async\" width=\"1024\" height=\"662\" src=\"http:\/\/clementineminisini.fr\/wp-content\/uploads\/2022\/02\/camion_carte_web-1024x662.jpg\" alt=\"\" class=\"wp-image-315\" srcset=\"https:\/\/clementineminisini.fr\/wp-content\/uploads\/2022\/02\/camion_carte_web-1024x662.jpg 1024w, https:\/\/clementineminisini.fr\/wp-content\/uploads\/2022\/02\/camion_carte_web-300x194.jpg 300w, https:\/\/clementineminisini.fr\/wp-content\/uploads\/2022\/02\/camion_carte_web-768x497.jpg 768w, https:\/\/clementineminisini.fr\/wp-content\/uploads\/2022\/02\/camion_carte_web-1536x993.jpg 1536w, https:\/\/clementineminisini.fr\/wp-content\/uploads\/2022\/02\/camion_carte_web.jpg 1754w\" sizes=\"auto, (max-width: 1024px) 100vw, 1024px\" \/><\/figure>\n","protected":false},"excerpt":{"rendered":"<p>Carte de type IGN \u00c0 la recherche d\u2019un camion bleu.Exploration des possibilit\u00e9s d\u2019emplacement du camion par le biais de la retranscription graphique et g\u00e9ographique, rechercher le camion avec les annonces pass\u00e9es sur le site Leboncoin, par le r\u00e9cit et par les souvenirs.<\/p>\n","protected":false},"author":1,"featured_media":0,"parent":0,"menu_order":0,"comment_status":"closed","ping_status":"closed","template":"","meta":{"footnotes":""},"class_list":["post-28","page","type-page","status-publish","hentry"],"yoast_head":"<!-- This site is optimized with the Yoast SEO plugin v20.6 - https:\/\/yoast.com\/wordpress\/plugins\/seo\/ -->\n<title>La Pelouse - Cl\u00e9mentine Minisini<\/title>\n<meta name=\"robots\" content=\"index, follow, max-snippet:-1, max-image-preview:large, max-video-preview:-1\" \/>\n<link rel=\"canonical\" href=\"https:\/\/clementineminisini.fr\/index.php\/la-pelouse\/\" \/>\n<meta property=\"og:locale\" content=\"en_US\" \/>\n<meta property=\"og:type\" content=\"article\" \/>\n<meta property=\"og:title\" content=\"La Pelouse - Cl\u00e9mentine Minisini\" \/>\n<meta property=\"og:description\" content=\"Carte de type IGN \u00c0 la recherche d\u2019un camion bleu.Exploration des possibilit\u00e9s d\u2019emplacement du camion par le biais de la retranscription graphique et g\u00e9ographique, rechercher le camion avec les annonces pass\u00e9es sur le site Leboncoin, par le r\u00e9cit et par les souvenirs.\" \/>\n<meta property=\"og:url\" content=\"https:\/\/clementineminisini.fr\/index.php\/la-pelouse\/\" \/>\n<meta property=\"og:site_name\" content=\"Cl\u00e9mentine Minisini\" \/>\n<meta property=\"article:modified_time\" content=\"2022-11-18T19:12:05+00:00\" \/>\n<meta property=\"og:image\" content=\"http:\/\/clementineminisini.fr\/wp-content\/uploads\/2021\/03\/DSC_0128-1024x1024.jpg\" \/>\n<meta name=\"twitter:label1\" content=\"Est. reading time\" \/>\n\t<meta name=\"twitter:data1\" content=\"1 minute\" \/>\n<script type=\"application\/ld+json\" class=\"yoast-schema-graph\">{\"@context\":\"https:\/\/schema.org\",\"@graph\":[{\"@type\":\"WebPage\",\"@id\":\"https:\/\/clementineminisini.fr\/index.php\/la-pelouse\/\",\"url\":\"https:\/\/clementineminisini.fr\/index.php\/la-pelouse\/\",\"name\":\"La Pelouse - Cl\u00e9mentine Minisini\",\"isPartOf\":{\"@id\":\"https:\/\/clementineminisini.fr\/#website\"},\"datePublished\":\"2021-03-27T20:57:24+00:00\",\"dateModified\":\"2022-11-18T19:12:05+00:00\",\"breadcrumb\":{\"@id\":\"https:\/\/clementineminisini.fr\/index.php\/la-pelouse\/#breadcrumb\"},\"inLanguage\":\"en-US\",\"potentialAction\":[{\"@type\":\"ReadAction\",\"target\":[\"https:\/\/clementineminisini.fr\/index.php\/la-pelouse\/\"]}]},{\"@type\":\"BreadcrumbList\",\"@id\":\"https:\/\/clementineminisini.fr\/index.php\/la-pelouse\/#breadcrumb\",\"itemListElement\":[{\"@type\":\"ListItem\",\"position\":1,\"name\":\"Accueil\",\"item\":\"https:\/\/clementineminisini.fr\/\"},{\"@type\":\"ListItem\",\"position\":2,\"name\":\"La Pelouse\"}]},{\"@type\":\"WebSite\",\"@id\":\"https:\/\/clementineminisini.fr\/#website\",\"url\":\"https:\/\/clementineminisini.fr\/\",\"name\":\"Cl\u00e9mentine Minisini\",\"description\":\"soleil, canard et chocolat\",\"potentialAction\":[{\"@type\":\"SearchAction\",\"target\":{\"@type\":\"EntryPoint\",\"urlTemplate\":\"https:\/\/clementineminisini.fr\/?s={search_term_string}\"},\"query-input\":\"required name=search_term_string\"}],\"inLanguage\":\"en-US\"}]}<\/script>\n<!-- \/ Yoast SEO plugin. -->","yoast_head_json":{"title":"La Pelouse - Cl\u00e9mentine Minisini","robots":{"index":"index","follow":"follow","max-snippet":"max-snippet:-1","max-image-preview":"max-image-preview:large","max-video-preview":"max-video-preview:-1"},"canonical":"https:\/\/clementineminisini.fr\/index.php\/la-pelouse\/","og_locale":"en_US","og_type":"article","og_title":"La Pelouse - Cl\u00e9mentine Minisini","og_description":"Carte de type IGN \u00c0 la recherche d\u2019un camion bleu.Exploration des possibilit\u00e9s d\u2019emplacement du camion par le biais de la retranscription graphique et g\u00e9ographique, rechercher le camion avec les annonces pass\u00e9es sur le site Leboncoin, par le r\u00e9cit et par les souvenirs.","og_url":"https:\/\/clementineminisini.fr\/index.php\/la-pelouse\/","og_site_name":"Cl\u00e9mentine Minisini","article_modified_time":"2022-11-18T19:12:05+00:00","og_image":[{"url":"http:\/\/clementineminisini.fr\/wp-content\/uploads\/2021\/03\/DSC_0128-1024x1024.jpg"}],"twitter_misc":{"Est. reading time":"1 minute"},"schema":{"@context":"https:\/\/schema.org","@graph":[{"@type":"WebPage","@id":"https:\/\/clementineminisini.fr\/index.php\/la-pelouse\/","url":"https:\/\/clementineminisini.fr\/index.php\/la-pelouse\/","name":"La Pelouse - Cl\u00e9mentine Minisini","isPartOf":{"@id":"https:\/\/clementineminisini.fr\/#website"},"datePublished":"2021-03-27T20:57:24+00:00","dateModified":"2022-11-18T19:12:05+00:00","breadcrumb":{"@id":"https:\/\/clementineminisini.fr\/index.php\/la-pelouse\/#breadcrumb"},"inLanguage":"en-US","potentialAction":[{"@type":"ReadAction","target":["https:\/\/clementineminisini.fr\/index.php\/la-pelouse\/"]}]},{"@type":"BreadcrumbList","@id":"https:\/\/clementineminisini.fr\/index.php\/la-pelouse\/#breadcrumb","itemListElement":[{"@type":"ListItem","position":1,"name":"Accueil","item":"https:\/\/clementineminisini.fr\/"},{"@type":"ListItem","position":2,"name":"La Pelouse"}]},{"@type":"WebSite","@id":"https:\/\/clementineminisini.fr\/#website","url":"https:\/\/clementineminisini.fr\/","name":"Cl\u00e9mentine Minisini","description":"soleil, canard et chocolat","potentialAction":[{"@type":"SearchAction","target":{"@type":"EntryPoint","urlTemplate":"https:\/\/clementineminisini.fr\/?s={search_term_string}"},"query-input":"required name=search_term_string"}],"inLanguage":"en-US"}]}},"_links":{"self":[{"href":"https:\/\/clementineminisini.fr\/index.php\/wp-json\/wp\/v2\/pages\/28","targetHints":{"allow":["GET"]}}],"collection":[{"href":"https:\/\/clementineminisini.fr\/index.php\/wp-json\/wp\/v2\/pages"}],"about":[{"href":"https:\/\/clementineminisini.fr\/index.php\/wp-json\/wp\/v2\/types\/page"}],"author":[{"embeddable":true,"href":"https:\/\/clementineminisini.fr\/index.php\/wp-json\/wp\/v2\/users\/1"}],"replies":[{"embeddable":true,"href":"https:\/\/clementineminisini.fr\/index.php\/wp-json\/wp\/v2\/comments?post=28"}],"version-history":[{"count":17,"href":"https:\/\/clementineminisini.fr\/index.php\/wp-json\/wp\/v2\/pages\/28\/revisions"}],"predecessor-version":[{"id":376,"href":"https:\/\/clementineminisini.fr\/index.php\/wp-json\/wp\/v2\/pages\/28\/revisions\/376"}],"wp:attachment":[{"href":"https:\/\/clementineminisini.fr\/index.php\/wp-json\/wp\/v2\/media?parent=28"}],"curies":[{"name":"wp","href":"https:\/\/api.w.org\/{rel}","templated":true}]}}