{"id":26,"date":"2021-03-27T21:57:24","date_gmt":"2021-03-27T20:57:24","guid":{"rendered":"http:\/\/clementineminisini.fr\/?page_id=26"},"modified":"2021-05-04T15:05:50","modified_gmt":"2021-05-04T13:05:50","slug":"je-voulais-etre-colibri","status":"publish","type":"page","link":"https:\/\/clementineminisini.fr\/index.php\/je-voulais-etre-colibri\/","title":{"rendered":"Je voulais \u00eatre colibri"},"content":{"rendered":"\n<p>M\u00e9moire de master<\/p>\n\n\n\n<p>J\u2019avais peur des choses que je ne connaissais pas.<br>J\u2019avais peur de grandir et de ne jamais r\u00e9aliser mes r\u00eaves. Je ne pensais m\u00eame pas que c\u2019\u00e9tait possible.<br>Quand je m\u2019en suis donn\u00e9 les moyens et que j\u2019y ai eu acc\u00e8s il y a eu des codes sociaux \u00e0 acqu\u00e9rir. Et je suis devenue, malgr\u00e9 moi, la fille de la campagne en ville et la citadine \u00e0 la campagne.<br>Comment s\u2019y retrouver ?<br><br>R\u00e9cit \u00e9crit en 6 temps : <\/p>\n\n\n\n<div class=\"wp-block-image\"><figure class=\"alignleft size-large\"><img loading=\"lazy\" decoding=\"async\" width=\"683\" height=\"661\" src=\"http:\/\/clementineminisini.fr\/wp-content\/uploads\/2021\/04\/Capture-decran-2021-04-05-231101.jpg\" alt=\"\" class=\"wp-image-229\" srcset=\"https:\/\/clementineminisini.fr\/wp-content\/uploads\/2021\/04\/Capture-decran-2021-04-05-231101.jpg 683w, https:\/\/clementineminisini.fr\/wp-content\/uploads\/2021\/04\/Capture-decran-2021-04-05-231101-300x290.jpg 300w\" sizes=\"auto, (max-width: 683px) 100vw, 683px\" \/><\/figure><\/div>\n\n\n\n<div class=\"wp-block-image\"><figure class=\"alignleft size-large\"><img loading=\"lazy\" decoding=\"async\" width=\"678\" height=\"1024\" src=\"http:\/\/clementineminisini.fr\/wp-content\/uploads\/2021\/03\/memoire2019-1-678x1024.jpg\" alt=\"\" class=\"wp-image-168\" srcset=\"https:\/\/clementineminisini.fr\/wp-content\/uploads\/2021\/03\/memoire2019-1-678x1024.jpg 678w, https:\/\/clementineminisini.fr\/wp-content\/uploads\/2021\/03\/memoire2019-1-199x300.jpg 199w, https:\/\/clementineminisini.fr\/wp-content\/uploads\/2021\/03\/memoire2019-1-768x1159.jpg 768w, https:\/\/clementineminisini.fr\/wp-content\/uploads\/2021\/03\/memoire2019-1-1018x1536.jpg 1018w, https:\/\/clementineminisini.fr\/wp-content\/uploads\/2021\/03\/memoire2019-1-1357x2048.jpg 1357w, https:\/\/clementineminisini.fr\/wp-content\/uploads\/2021\/03\/memoire2019-1-scaled.jpg 1696w\" sizes=\"auto, (max-width: 678px) 100vw, 678px\" \/><\/figure><\/div>\n","protected":false},"excerpt":{"rendered":"<p>M\u00e9moire de master J\u2019avais peur des choses que je ne connaissais pas.J\u2019avais peur de grandir et de ne jamais r\u00e9aliser mes r\u00eaves. Je ne pensais m\u00eame pas que c\u2019\u00e9tait possible.Quand je m\u2019en suis donn\u00e9 les moyens et que j\u2019y ai eu acc\u00e8s il y a eu des codes sociaux \u00e0 acqu\u00e9rir. Et je suis devenue,<\/p>\n<p class=\"more-link-wrapper\"><a href=\"https:\/\/clementineminisini.fr\/index.php\/je-voulais-etre-colibri\/\" class=\"more-link\">Continue Reading<span class=\"screen-reader-text\"> &#8220;Je voulais \u00eatre colibri&#8221;<\/span><\/a><\/p>\n","protected":false},"author":1,"featured_media":0,"parent":0,"menu_order":0,"comment_status":"closed","ping_status":"closed","template":"","meta":{"footnotes":""},"class_list":["post-26","page","type-page","status-publish","hentry"],"yoast_head":"<!-- This site is optimized with the Yoast SEO plugin v20.6 - https:\/\/yoast.com\/wordpress\/plugins\/seo\/ -->\n<title>Je voulais \u00eatre colibri - Cl\u00e9mentine Minisini<\/title>\n<meta name=\"description\" content=\"Le r\u00e9cit autobiographique d&#039;une appropriation d&#039;identit\u00e9 et d&#039;une prise de conscience des classes sociales.\" \/>\n<meta name=\"robots\" content=\"index, follow, max-snippet:-1, max-image-preview:large, max-video-preview:-1\" \/>\n<link rel=\"canonical\" href=\"https:\/\/clementineminisini.fr\/index.php\/je-voulais-etre-colibri\/\" \/>\n<meta property=\"og:locale\" content=\"en_US\" \/>\n<meta property=\"og:type\" content=\"article\" \/>\n<meta property=\"og:title\" content=\"Je voulais \u00eatre colibri - Cl\u00e9mentine Minisini\" \/>\n<meta property=\"og:description\" content=\"Le r\u00e9cit autobiographique d&#039;une appropriation d&#039;identit\u00e9 et d&#039;une prise de conscience des classes sociales.\" \/>\n<meta property=\"og:url\" content=\"https:\/\/clementineminisini.fr\/index.php\/je-voulais-etre-colibri\/\" \/>\n<meta property=\"og:site_name\" content=\"Cl\u00e9mentine Minisini\" \/>\n<meta property=\"article:modified_time\" content=\"2021-05-04T13:05:50+00:00\" \/>\n<meta property=\"og:image\" content=\"http:\/\/clementineminisini.fr\/wp-content\/uploads\/2021\/04\/Capture-decran-2021-04-05-231101.jpg\" \/>\n<meta name=\"twitter:label1\" content=\"Est. reading time\" \/>\n\t<meta name=\"twitter:data1\" content=\"1 minute\" \/>\n<script type=\"application\/ld+json\" class=\"yoast-schema-graph\">{\"@context\":\"https:\/\/schema.org\",\"@graph\":[{\"@type\":\"WebPage\",\"@id\":\"https:\/\/clementineminisini.fr\/index.php\/je-voulais-etre-colibri\/\",\"url\":\"https:\/\/clementineminisini.fr\/index.php\/je-voulais-etre-colibri\/\",\"name\":\"Je voulais \u00eatre colibri - Cl\u00e9mentine Minisini\",\"isPartOf\":{\"@id\":\"https:\/\/clementineminisini.fr\/#website\"},\"datePublished\":\"2021-03-27T20:57:24+00:00\",\"dateModified\":\"2021-05-04T13:05:50+00:00\",\"description\":\"Le r\u00e9cit autobiographique d'une appropriation d'identit\u00e9 et d'une prise de conscience des classes sociales.\",\"breadcrumb\":{\"@id\":\"https:\/\/clementineminisini.fr\/index.php\/je-voulais-etre-colibri\/#breadcrumb\"},\"inLanguage\":\"en-US\",\"potentialAction\":[{\"@type\":\"ReadAction\",\"target\":[\"https:\/\/clementineminisini.fr\/index.php\/je-voulais-etre-colibri\/\"]}]},{\"@type\":\"BreadcrumbList\",\"@id\":\"https:\/\/clementineminisini.fr\/index.php\/je-voulais-etre-colibri\/#breadcrumb\",\"itemListElement\":[{\"@type\":\"ListItem\",\"position\":1,\"name\":\"Accueil\",\"item\":\"https:\/\/clementineminisini.fr\/\"},{\"@type\":\"ListItem\",\"position\":2,\"name\":\"Je voulais \u00eatre colibri\"}]},{\"@type\":\"WebSite\",\"@id\":\"https:\/\/clementineminisini.fr\/#website\",\"url\":\"https:\/\/clementineminisini.fr\/\",\"name\":\"Cl\u00e9mentine Minisini\",\"description\":\"soleil, canard et chocolat\",\"potentialAction\":[{\"@type\":\"SearchAction\",\"target\":{\"@type\":\"EntryPoint\",\"urlTemplate\":\"https:\/\/clementineminisini.fr\/?s={search_term_string}\"},\"query-input\":\"required name=search_term_string\"}],\"inLanguage\":\"en-US\"}]}<\/script>\n<!-- \/ Yoast SEO plugin. -->","yoast_head_json":{"title":"Je voulais \u00eatre colibri - Cl\u00e9mentine Minisini","description":"Le r\u00e9cit autobiographique d'une appropriation d'identit\u00e9 et d'une prise de conscience des classes sociales.","robots":{"index":"index","follow":"follow","max-snippet":"max-snippet:-1","max-image-preview":"max-image-preview:large","max-video-preview":"max-video-preview:-1"},"canonical":"https:\/\/clementineminisini.fr\/index.php\/je-voulais-etre-colibri\/","og_locale":"en_US","og_type":"article","og_title":"Je voulais \u00eatre colibri - Cl\u00e9mentine Minisini","og_description":"Le r\u00e9cit autobiographique d'une appropriation d'identit\u00e9 et d'une prise de conscience des classes sociales.","og_url":"https:\/\/clementineminisini.fr\/index.php\/je-voulais-etre-colibri\/","og_site_name":"Cl\u00e9mentine Minisini","article_modified_time":"2021-05-04T13:05:50+00:00","og_image":[{"url":"http:\/\/clementineminisini.fr\/wp-content\/uploads\/2021\/04\/Capture-decran-2021-04-05-231101.jpg"}],"twitter_misc":{"Est. reading time":"1 minute"},"schema":{"@context":"https:\/\/schema.org","@graph":[{"@type":"WebPage","@id":"https:\/\/clementineminisini.fr\/index.php\/je-voulais-etre-colibri\/","url":"https:\/\/clementineminisini.fr\/index.php\/je-voulais-etre-colibri\/","name":"Je voulais \u00eatre colibri - Cl\u00e9mentine Minisini","isPartOf":{"@id":"https:\/\/clementineminisini.fr\/#website"},"datePublished":"2021-03-27T20:57:24+00:00","dateModified":"2021-05-04T13:05:50+00:00","description":"Le r\u00e9cit autobiographique d'une appropriation d'identit\u00e9 et d'une prise de conscience des classes sociales.","breadcrumb":{"@id":"https:\/\/clementineminisini.fr\/index.php\/je-voulais-etre-colibri\/#breadcrumb"},"inLanguage":"en-US","potentialAction":[{"@type":"ReadAction","target":["https:\/\/clementineminisini.fr\/index.php\/je-voulais-etre-colibri\/"]}]},{"@type":"BreadcrumbList","@id":"https:\/\/clementineminisini.fr\/index.php\/je-voulais-etre-colibri\/#breadcrumb","itemListElement":[{"@type":"ListItem","position":1,"name":"Accueil","item":"https:\/\/clementineminisini.fr\/"},{"@type":"ListItem","position":2,"name":"Je voulais \u00eatre colibri"}]},{"@type":"WebSite","@id":"https:\/\/clementineminisini.fr\/#website","url":"https:\/\/clementineminisini.fr\/","name":"Cl\u00e9mentine Minisini","description":"soleil, canard et chocolat","potentialAction":[{"@type":"SearchAction","target":{"@type":"EntryPoint","urlTemplate":"https:\/\/clementineminisini.fr\/?s={search_term_string}"},"query-input":"required name=search_term_string"}],"inLanguage":"en-US"}]}},"_links":{"self":[{"href":"https:\/\/clementineminisini.fr\/index.php\/wp-json\/wp\/v2\/pages\/26","targetHints":{"allow":["GET"]}}],"collection":[{"href":"https:\/\/clementineminisini.fr\/index.php\/wp-json\/wp\/v2\/pages"}],"about":[{"href":"https:\/\/clementineminisini.fr\/index.php\/wp-json\/wp\/v2\/types\/page"}],"author":[{"embeddable":true,"href":"https:\/\/clementineminisini.fr\/index.php\/wp-json\/wp\/v2\/users\/1"}],"replies":[{"embeddable":true,"href":"https:\/\/clementineminisini.fr\/index.php\/wp-json\/wp\/v2\/comments?post=26"}],"version-history":[{"count":10,"href":"https:\/\/clementineminisini.fr\/index.php\/wp-json\/wp\/v2\/pages\/26\/revisions"}],"predecessor-version":[{"id":301,"href":"https:\/\/clementineminisini.fr\/index.php\/wp-json\/wp\/v2\/pages\/26\/revisions\/301"}],"wp:attachment":[{"href":"https:\/\/clementineminisini.fr\/index.php\/wp-json\/wp\/v2\/media?parent=26"}],"curies":[{"name":"wp","href":"https:\/\/api.w.org\/{rel}","templated":true}]}}