{"id":21,"date":"2021-03-27T21:57:24","date_gmt":"2021-03-27T20:57:24","guid":{"rendered":"http:\/\/clementineminisini.fr\/?page_id=21"},"modified":"2021-04-06T11:29:33","modified_gmt":"2021-04-06T09:29:33","slug":"agenda-2016","status":"publish","type":"page","link":"https:\/\/clementineminisini.fr\/index.php\/agenda-2016\/","title":{"rendered":"Agenda 2016"},"content":{"rendered":"\n<p><\/p>\n\n\n\n<p>Je ne connais pas ton nom, mais je me souviens de tes cheveux blonds brillants sous le soleil.<br>Hommage \u00e0 ces gens que nous croisons bien trop souvent dans nos rues.<br><br>Mise en relation du r\u00e9cit et de l&#8217;emploi du temps en parall\u00e8le. <br>Quand est-ce que j&#8217;ai pu voir cette personne vis \u00e0 vis de mon agenda.<\/p>\n\n\n\n<figure class=\"wp-block-image size-large\"><img loading=\"lazy\" decoding=\"async\" width=\"1024\" height=\"1024\" src=\"http:\/\/clementineminisini.fr\/wp-content\/uploads\/2021\/03\/DSC_01452-1024x1024.jpg\" alt=\"\" class=\"wp-image-181\" srcset=\"https:\/\/clementineminisini.fr\/wp-content\/uploads\/2021\/03\/DSC_01452-1024x1024.jpg 1024w, https:\/\/clementineminisini.fr\/wp-content\/uploads\/2021\/03\/DSC_01452-300x300.jpg 300w, https:\/\/clementineminisini.fr\/wp-content\/uploads\/2021\/03\/DSC_01452-150x150.jpg 150w, https:\/\/clementineminisini.fr\/wp-content\/uploads\/2021\/03\/DSC_01452-768x768.jpg 768w, https:\/\/clementineminisini.fr\/wp-content\/uploads\/2021\/03\/DSC_01452-1536x1536.jpg 1536w, https:\/\/clementineminisini.fr\/wp-content\/uploads\/2021\/03\/DSC_01452-2048x2048.jpg 2048w, https:\/\/clementineminisini.fr\/wp-content\/uploads\/2021\/03\/DSC_01452-640x640.jpg 640w, https:\/\/clementineminisini.fr\/wp-content\/uploads\/2021\/03\/DSC_01452-1200x1200.jpg 1200w\" sizes=\"auto, (max-width: 1024px) 100vw, 1024px\" \/><\/figure>\n\n\n\n<figure class=\"wp-block-gallery columns-2 is-cropped wp-block-gallery-1 is-layout-flex wp-block-gallery-is-layout-flex\"><ul class=\"blocks-gallery-grid\"><li class=\"blocks-gallery-item\"><figure><img loading=\"lazy\" decoding=\"async\" width=\"1024\" height=\"1024\" src=\"http:\/\/clementineminisini.fr\/wp-content\/uploads\/2021\/03\/DSC_0146-1024x1024.jpg\" alt=\"\" data-id=\"51\" data-full-url=\"http:\/\/clementineminisini.fr\/wp-content\/uploads\/2021\/03\/DSC_0146-scaled.jpg\" data-link=\"http:\/\/clementineminisini.fr\/index.php\/agenda-2016\/dsc_0146\/\" class=\"wp-image-51\" srcset=\"https:\/\/clementineminisini.fr\/wp-content\/uploads\/2021\/03\/DSC_0146-1024x1024.jpg 1024w, https:\/\/clementineminisini.fr\/wp-content\/uploads\/2021\/03\/DSC_0146-300x300.jpg 300w, https:\/\/clementineminisini.fr\/wp-content\/uploads\/2021\/03\/DSC_0146-150x150.jpg 150w, https:\/\/clementineminisini.fr\/wp-content\/uploads\/2021\/03\/DSC_0146-768x768.jpg 768w, https:\/\/clementineminisini.fr\/wp-content\/uploads\/2021\/03\/DSC_0146-1536x1536.jpg 1536w, https:\/\/clementineminisini.fr\/wp-content\/uploads\/2021\/03\/DSC_0146-2048x2048.jpg 2048w, https:\/\/clementineminisini.fr\/wp-content\/uploads\/2021\/03\/DSC_0146-640x640.jpg 640w, https:\/\/clementineminisini.fr\/wp-content\/uploads\/2021\/03\/DSC_0146-1200x1200.jpg 1200w\" sizes=\"auto, (max-width: 1024px) 100vw, 1024px\" \/><\/figure><\/li><li class=\"blocks-gallery-item\"><figure><img loading=\"lazy\" decoding=\"async\" width=\"1024\" height=\"1024\" src=\"http:\/\/clementineminisini.fr\/wp-content\/uploads\/2021\/03\/DSC_0147-1024x1024.jpg\" alt=\"\" data-id=\"52\" data-full-url=\"http:\/\/clementineminisini.fr\/wp-content\/uploads\/2021\/03\/DSC_0147-scaled.jpg\" data-link=\"http:\/\/clementineminisini.fr\/index.php\/agenda-2016\/dsc_0147\/\" class=\"wp-image-52\" srcset=\"https:\/\/clementineminisini.fr\/wp-content\/uploads\/2021\/03\/DSC_0147-1024x1024.jpg 1024w, https:\/\/clementineminisini.fr\/wp-content\/uploads\/2021\/03\/DSC_0147-300x300.jpg 300w, https:\/\/clementineminisini.fr\/wp-content\/uploads\/2021\/03\/DSC_0147-150x150.jpg 150w, https:\/\/clementineminisini.fr\/wp-content\/uploads\/2021\/03\/DSC_0147-768x768.jpg 768w, https:\/\/clementineminisini.fr\/wp-content\/uploads\/2021\/03\/DSC_0147-1536x1536.jpg 1536w, https:\/\/clementineminisini.fr\/wp-content\/uploads\/2021\/03\/DSC_0147-2048x2048.jpg 2048w, https:\/\/clementineminisini.fr\/wp-content\/uploads\/2021\/03\/DSC_0147-640x640.jpg 640w, https:\/\/clementineminisini.fr\/wp-content\/uploads\/2021\/03\/DSC_0147-1200x1200.jpg 1200w\" sizes=\"auto, (max-width: 1024px) 100vw, 1024px\" \/><\/figure><\/li><li class=\"blocks-gallery-item\"><figure><img loading=\"lazy\" decoding=\"async\" width=\"1024\" height=\"1024\" src=\"http:\/\/clementineminisini.fr\/wp-content\/uploads\/2021\/03\/DSC_0149-1024x1024.jpg\" alt=\"\" data-id=\"53\" data-full-url=\"http:\/\/clementineminisini.fr\/wp-content\/uploads\/2021\/03\/DSC_0149-scaled.jpg\" data-link=\"http:\/\/clementineminisini.fr\/index.php\/agenda-2016\/dsc_0149\/\" class=\"wp-image-53\" srcset=\"https:\/\/clementineminisini.fr\/wp-content\/uploads\/2021\/03\/DSC_0149-1024x1024.jpg 1024w, https:\/\/clementineminisini.fr\/wp-content\/uploads\/2021\/03\/DSC_0149-300x300.jpg 300w, https:\/\/clementineminisini.fr\/wp-content\/uploads\/2021\/03\/DSC_0149-150x150.jpg 150w, https:\/\/clementineminisini.fr\/wp-content\/uploads\/2021\/03\/DSC_0149-768x768.jpg 768w, https:\/\/clementineminisini.fr\/wp-content\/uploads\/2021\/03\/DSC_0149-1536x1536.jpg 1536w, https:\/\/clementineminisini.fr\/wp-content\/uploads\/2021\/03\/DSC_0149-2048x2048.jpg 2048w, https:\/\/clementineminisini.fr\/wp-content\/uploads\/2021\/03\/DSC_0149-640x640.jpg 640w, https:\/\/clementineminisini.fr\/wp-content\/uploads\/2021\/03\/DSC_0149-1200x1200.jpg 1200w\" sizes=\"auto, (max-width: 1024px) 100vw, 1024px\" \/><\/figure><\/li><\/ul><\/figure>\n","protected":false},"excerpt":{"rendered":"<p>Je ne connais pas ton nom, mais je me souviens de tes cheveux blonds brillants sous le soleil.Hommage \u00e0 ces gens que nous croisons bien trop souvent dans nos rues. Mise en relation du r\u00e9cit et de l&#8217;emploi du temps en parall\u00e8le. Quand est-ce que j&#8217;ai pu voir cette personne vis \u00e0 vis de mon<\/p>\n<p class=\"more-link-wrapper\"><a href=\"https:\/\/clementineminisini.fr\/index.php\/agenda-2016\/\" class=\"more-link\">Continue Reading<span class=\"screen-reader-text\"> &#8220;Agenda 2016&#8221;<\/span><\/a><\/p>\n","protected":false},"author":1,"featured_media":0,"parent":0,"menu_order":0,"comment_status":"closed","ping_status":"closed","template":"","meta":{"footnotes":""},"class_list":["post-21","page","type-page","status-publish","hentry"],"yoast_head":"<!-- This site is optimized with the Yoast SEO plugin v20.6 - https:\/\/yoast.com\/wordpress\/plugins\/seo\/ -->\n<title>Agenda 2016 - Cl\u00e9mentine Minisini<\/title>\n<meta name=\"description\" content=\"A tous les gens que nous croisons r\u00e9guli\u00e8rement sans leur parler. A tous les gens qui pensent que nous ne les voyons pas.\" \/>\n<meta name=\"robots\" content=\"index, follow, max-snippet:-1, max-image-preview:large, max-video-preview:-1\" \/>\n<link rel=\"canonical\" href=\"https:\/\/clementineminisini.fr\/index.php\/agenda-2016\/\" \/>\n<meta property=\"og:locale\" content=\"en_US\" \/>\n<meta property=\"og:type\" content=\"article\" \/>\n<meta property=\"og:title\" content=\"Agenda 2016 - Cl\u00e9mentine Minisini\" \/>\n<meta property=\"og:description\" content=\"A tous les gens que nous croisons r\u00e9guli\u00e8rement sans leur parler. A tous les gens qui pensent que nous ne les voyons pas.\" \/>\n<meta property=\"og:url\" content=\"https:\/\/clementineminisini.fr\/index.php\/agenda-2016\/\" \/>\n<meta property=\"og:site_name\" content=\"Cl\u00e9mentine Minisini\" \/>\n<meta property=\"article:modified_time\" content=\"2021-04-06T09:29:33+00:00\" \/>\n<meta property=\"og:image\" content=\"http:\/\/clementineminisini.fr\/wp-content\/uploads\/2021\/03\/DSC_01452-1024x1024.jpg\" \/>\n<meta name=\"twitter:label1\" content=\"Est. reading time\" \/>\n\t<meta name=\"twitter:data1\" content=\"2 minutes\" \/>\n<script type=\"application\/ld+json\" class=\"yoast-schema-graph\">{\"@context\":\"https:\/\/schema.org\",\"@graph\":[{\"@type\":\"WebPage\",\"@id\":\"https:\/\/clementineminisini.fr\/index.php\/agenda-2016\/\",\"url\":\"https:\/\/clementineminisini.fr\/index.php\/agenda-2016\/\",\"name\":\"Agenda 2016 - Cl\u00e9mentine Minisini\",\"isPartOf\":{\"@id\":\"https:\/\/clementineminisini.fr\/#website\"},\"datePublished\":\"2021-03-27T20:57:24+00:00\",\"dateModified\":\"2021-04-06T09:29:33+00:00\",\"description\":\"A tous les gens que nous croisons r\u00e9guli\u00e8rement sans leur parler. A tous les gens qui pensent que nous ne les voyons pas.\",\"breadcrumb\":{\"@id\":\"https:\/\/clementineminisini.fr\/index.php\/agenda-2016\/#breadcrumb\"},\"inLanguage\":\"en-US\",\"potentialAction\":[{\"@type\":\"ReadAction\",\"target\":[\"https:\/\/clementineminisini.fr\/index.php\/agenda-2016\/\"]}]},{\"@type\":\"BreadcrumbList\",\"@id\":\"https:\/\/clementineminisini.fr\/index.php\/agenda-2016\/#breadcrumb\",\"itemListElement\":[{\"@type\":\"ListItem\",\"position\":1,\"name\":\"Accueil\",\"item\":\"https:\/\/clementineminisini.fr\/\"},{\"@type\":\"ListItem\",\"position\":2,\"name\":\"Agenda 2016\"}]},{\"@type\":\"WebSite\",\"@id\":\"https:\/\/clementineminisini.fr\/#website\",\"url\":\"https:\/\/clementineminisini.fr\/\",\"name\":\"Cl\u00e9mentine Minisini\",\"description\":\"soleil, canard et chocolat\",\"potentialAction\":[{\"@type\":\"SearchAction\",\"target\":{\"@type\":\"EntryPoint\",\"urlTemplate\":\"https:\/\/clementineminisini.fr\/?s={search_term_string}\"},\"query-input\":\"required name=search_term_string\"}],\"inLanguage\":\"en-US\"}]}<\/script>\n<!-- \/ Yoast SEO plugin. -->","yoast_head_json":{"title":"Agenda 2016 - Cl\u00e9mentine Minisini","description":"A tous les gens que nous croisons r\u00e9guli\u00e8rement sans leur parler. A tous les gens qui pensent que nous ne les voyons pas.","robots":{"index":"index","follow":"follow","max-snippet":"max-snippet:-1","max-image-preview":"max-image-preview:large","max-video-preview":"max-video-preview:-1"},"canonical":"https:\/\/clementineminisini.fr\/index.php\/agenda-2016\/","og_locale":"en_US","og_type":"article","og_title":"Agenda 2016 - Cl\u00e9mentine Minisini","og_description":"A tous les gens que nous croisons r\u00e9guli\u00e8rement sans leur parler. A tous les gens qui pensent que nous ne les voyons pas.","og_url":"https:\/\/clementineminisini.fr\/index.php\/agenda-2016\/","og_site_name":"Cl\u00e9mentine Minisini","article_modified_time":"2021-04-06T09:29:33+00:00","og_image":[{"url":"http:\/\/clementineminisini.fr\/wp-content\/uploads\/2021\/03\/DSC_01452-1024x1024.jpg"}],"twitter_misc":{"Est. reading time":"2 minutes"},"schema":{"@context":"https:\/\/schema.org","@graph":[{"@type":"WebPage","@id":"https:\/\/clementineminisini.fr\/index.php\/agenda-2016\/","url":"https:\/\/clementineminisini.fr\/index.php\/agenda-2016\/","name":"Agenda 2016 - Cl\u00e9mentine Minisini","isPartOf":{"@id":"https:\/\/clementineminisini.fr\/#website"},"datePublished":"2021-03-27T20:57:24+00:00","dateModified":"2021-04-06T09:29:33+00:00","description":"A tous les gens que nous croisons r\u00e9guli\u00e8rement sans leur parler. A tous les gens qui pensent que nous ne les voyons pas.","breadcrumb":{"@id":"https:\/\/clementineminisini.fr\/index.php\/agenda-2016\/#breadcrumb"},"inLanguage":"en-US","potentialAction":[{"@type":"ReadAction","target":["https:\/\/clementineminisini.fr\/index.php\/agenda-2016\/"]}]},{"@type":"BreadcrumbList","@id":"https:\/\/clementineminisini.fr\/index.php\/agenda-2016\/#breadcrumb","itemListElement":[{"@type":"ListItem","position":1,"name":"Accueil","item":"https:\/\/clementineminisini.fr\/"},{"@type":"ListItem","position":2,"name":"Agenda 2016"}]},{"@type":"WebSite","@id":"https:\/\/clementineminisini.fr\/#website","url":"https:\/\/clementineminisini.fr\/","name":"Cl\u00e9mentine Minisini","description":"soleil, canard et chocolat","potentialAction":[{"@type":"SearchAction","target":{"@type":"EntryPoint","urlTemplate":"https:\/\/clementineminisini.fr\/?s={search_term_string}"},"query-input":"required name=search_term_string"}],"inLanguage":"en-US"}]}},"_links":{"self":[{"href":"https:\/\/clementineminisini.fr\/index.php\/wp-json\/wp\/v2\/pages\/21","targetHints":{"allow":["GET"]}}],"collection":[{"href":"https:\/\/clementineminisini.fr\/index.php\/wp-json\/wp\/v2\/pages"}],"about":[{"href":"https:\/\/clementineminisini.fr\/index.php\/wp-json\/wp\/v2\/types\/page"}],"author":[{"embeddable":true,"href":"https:\/\/clementineminisini.fr\/index.php\/wp-json\/wp\/v2\/users\/1"}],"replies":[{"embeddable":true,"href":"https:\/\/clementineminisini.fr\/index.php\/wp-json\/wp\/v2\/comments?post=21"}],"version-history":[{"count":6,"href":"https:\/\/clementineminisini.fr\/index.php\/wp-json\/wp\/v2\/pages\/21\/revisions"}],"predecessor-version":[{"id":278,"href":"https:\/\/clementineminisini.fr\/index.php\/wp-json\/wp\/v2\/pages\/21\/revisions\/278"}],"wp:attachment":[{"href":"https:\/\/clementineminisini.fr\/index.php\/wp-json\/wp\/v2\/media?parent=21"}],"curies":[{"name":"wp","href":"https:\/\/api.w.org\/{rel}","templated":true}]}}