{"id":20,"date":"2021-03-27T21:57:24","date_gmt":"2021-03-27T20:57:24","guid":{"rendered":"http:\/\/clementineminisini.fr\/?page_id=20"},"modified":"2021-04-06T22:24:57","modified_gmt":"2021-04-06T20:24:57","slug":"comment-tu-danses","status":"publish","type":"page","link":"https:\/\/clementineminisini.fr\/index.php\/comment-tu-danses\/","title":{"rendered":"Comment tu danses ?"},"content":{"rendered":"\n<p>Porte vue<\/p>\n\n\n\n<p>Recueil de danse pouvant se compl\u00e9ter perp\u00e9tuellement.<br>62 danses de d\u00e9but de soir\u00e9e retranscrites gr\u00e2ce aux r\u00e9ponses de volontaire.<\/p>\n\n\n\n<p>Le questionnaire :<br><a href=\"https:\/\/docs.google.com\/forms\/d\/1fA6uANIgX_m0v57H_qFNUmLnw4z1tg0ZF3c1lEw9rw8\/viewform?edit_requested=true\">https:\/\/docs.google.com\/forms\/d\/1fA6uANIgX_m0v57H_qFNUmLnw4z1tg0ZF3c1lEw9rw8\/viewform?edit_requested=true<\/a><\/p>\n\n\n\n<figure class=\"wp-block-image size-large\"><img loading=\"lazy\" decoding=\"async\" width=\"1024\" height=\"1024\" src=\"http:\/\/clementineminisini.fr\/wp-content\/uploads\/2021\/03\/DSC_0218-1024x1024.jpg\" alt=\"\" class=\"wp-image-57\" srcset=\"https:\/\/clementineminisini.fr\/wp-content\/uploads\/2021\/03\/DSC_0218-1024x1024.jpg 1024w, https:\/\/clementineminisini.fr\/wp-content\/uploads\/2021\/03\/DSC_0218-300x300.jpg 300w, https:\/\/clementineminisini.fr\/wp-content\/uploads\/2021\/03\/DSC_0218-150x150.jpg 150w, https:\/\/clementineminisini.fr\/wp-content\/uploads\/2021\/03\/DSC_0218-768x768.jpg 768w, https:\/\/clementineminisini.fr\/wp-content\/uploads\/2021\/03\/DSC_0218-1536x1536.jpg 1536w, https:\/\/clementineminisini.fr\/wp-content\/uploads\/2021\/03\/DSC_0218-2048x2048.jpg 2048w, https:\/\/clementineminisini.fr\/wp-content\/uploads\/2021\/03\/DSC_0218-640x640.jpg 640w, https:\/\/clementineminisini.fr\/wp-content\/uploads\/2021\/03\/DSC_0218-1200x1200.jpg 1200w\" sizes=\"auto, (max-width: 1024px) 100vw, 1024px\" \/><\/figure>\n\n\n\n<figure class=\"wp-block-gallery columns-2 is-cropped wp-block-gallery-1 is-layout-flex wp-block-gallery-is-layout-flex\"><ul class=\"blocks-gallery-grid\"><li class=\"blocks-gallery-item\"><figure><img loading=\"lazy\" decoding=\"async\" width=\"1024\" height=\"1024\" src=\"http:\/\/clementineminisini.fr\/wp-content\/uploads\/2021\/03\/DSC_0223-1024x1024.jpg\" alt=\"\" data-id=\"58\" data-full-url=\"http:\/\/clementineminisini.fr\/wp-content\/uploads\/2021\/03\/DSC_0223-scaled.jpg\" data-link=\"http:\/\/clementineminisini.fr\/index.php\/comment-tu-danses\/dsc_0223\/\" class=\"wp-image-58\" srcset=\"https:\/\/clementineminisini.fr\/wp-content\/uploads\/2021\/03\/DSC_0223-1024x1024.jpg 1024w, https:\/\/clementineminisini.fr\/wp-content\/uploads\/2021\/03\/DSC_0223-300x300.jpg 300w, https:\/\/clementineminisini.fr\/wp-content\/uploads\/2021\/03\/DSC_0223-150x150.jpg 150w, https:\/\/clementineminisini.fr\/wp-content\/uploads\/2021\/03\/DSC_0223-768x768.jpg 768w, https:\/\/clementineminisini.fr\/wp-content\/uploads\/2021\/03\/DSC_0223-1536x1536.jpg 1536w, https:\/\/clementineminisini.fr\/wp-content\/uploads\/2021\/03\/DSC_0223-2048x2048.jpg 2048w, https:\/\/clementineminisini.fr\/wp-content\/uploads\/2021\/03\/DSC_0223-640x640.jpg 640w, https:\/\/clementineminisini.fr\/wp-content\/uploads\/2021\/03\/DSC_0223-1200x1200.jpg 1200w\" sizes=\"auto, (max-width: 1024px) 100vw, 1024px\" \/><\/figure><\/li><li class=\"blocks-gallery-item\"><figure><img loading=\"lazy\" decoding=\"async\" width=\"1024\" height=\"1024\" src=\"http:\/\/clementineminisini.fr\/wp-content\/uploads\/2021\/03\/DSC_0228-1024x1024.jpg\" alt=\"\" data-id=\"59\" data-full-url=\"http:\/\/clementineminisini.fr\/wp-content\/uploads\/2021\/03\/DSC_0228-scaled.jpg\" data-link=\"http:\/\/clementineminisini.fr\/index.php\/comment-tu-danses\/dsc_0228\/\" class=\"wp-image-59\" srcset=\"https:\/\/clementineminisini.fr\/wp-content\/uploads\/2021\/03\/DSC_0228-1024x1024.jpg 1024w, https:\/\/clementineminisini.fr\/wp-content\/uploads\/2021\/03\/DSC_0228-300x300.jpg 300w, https:\/\/clementineminisini.fr\/wp-content\/uploads\/2021\/03\/DSC_0228-150x150.jpg 150w, https:\/\/clementineminisini.fr\/wp-content\/uploads\/2021\/03\/DSC_0228-768x768.jpg 768w, https:\/\/clementineminisini.fr\/wp-content\/uploads\/2021\/03\/DSC_0228-1536x1536.jpg 1536w, https:\/\/clementineminisini.fr\/wp-content\/uploads\/2021\/03\/DSC_0228-2048x2048.jpg 2048w, https:\/\/clementineminisini.fr\/wp-content\/uploads\/2021\/03\/DSC_0228-640x640.jpg 640w, https:\/\/clementineminisini.fr\/wp-content\/uploads\/2021\/03\/DSC_0228-1200x1200.jpg 1200w\" sizes=\"auto, (max-width: 1024px) 100vw, 1024px\" \/><\/figure><\/li><li class=\"blocks-gallery-item\"><figure><img loading=\"lazy\" decoding=\"async\" width=\"1024\" height=\"1024\" src=\"http:\/\/clementineminisini.fr\/wp-content\/uploads\/2021\/03\/DSC_0230-1024x1024.jpg\" alt=\"\" data-id=\"61\" data-full-url=\"http:\/\/clementineminisini.fr\/wp-content\/uploads\/2021\/03\/DSC_0230-scaled.jpg\" data-link=\"http:\/\/clementineminisini.fr\/index.php\/comment-tu-danses\/dsc_0230\/\" class=\"wp-image-61\" srcset=\"https:\/\/clementineminisini.fr\/wp-content\/uploads\/2021\/03\/DSC_0230-1024x1024.jpg 1024w, https:\/\/clementineminisini.fr\/wp-content\/uploads\/2021\/03\/DSC_0230-300x300.jpg 300w, https:\/\/clementineminisini.fr\/wp-content\/uploads\/2021\/03\/DSC_0230-150x150.jpg 150w, https:\/\/clementineminisini.fr\/wp-content\/uploads\/2021\/03\/DSC_0230-768x768.jpg 768w, https:\/\/clementineminisini.fr\/wp-content\/uploads\/2021\/03\/DSC_0230-1536x1536.jpg 1536w, https:\/\/clementineminisini.fr\/wp-content\/uploads\/2021\/03\/DSC_0230-2048x2048.jpg 2048w, https:\/\/clementineminisini.fr\/wp-content\/uploads\/2021\/03\/DSC_0230-640x640.jpg 640w, https:\/\/clementineminisini.fr\/wp-content\/uploads\/2021\/03\/DSC_0230-1200x1200.jpg 1200w\" sizes=\"auto, (max-width: 1024px) 100vw, 1024px\" \/><\/figure><\/li><\/ul><\/figure>\n","protected":false},"excerpt":{"rendered":"<p>Porte vue Recueil de danse pouvant se compl\u00e9ter perp\u00e9tuellement.62 danses de d\u00e9but de soir\u00e9e retranscrites gr\u00e2ce aux r\u00e9ponses de volontaire. Le questionnaire :https:\/\/docs.google.com\/forms\/d\/1fA6uANIgX_m0v57H_qFNUmLnw4z1tg0ZF3c1lEw9rw8\/viewform?edit_requested=true<\/p>\n","protected":false},"author":1,"featured_media":0,"parent":0,"menu_order":0,"comment_status":"closed","ping_status":"closed","template":"","meta":{"footnotes":""},"class_list":["post-20","page","type-page","status-publish","hentry"],"yoast_head":"<!-- This site is optimized with the Yoast SEO plugin v20.6 - https:\/\/yoast.com\/wordpress\/plugins\/seo\/ -->\n<title>Comment tu danses ? - Cl\u00e9mentine Minisini<\/title>\n<meta name=\"description\" content=\"Tout le monde \u00e0 l&#039;air de bien danser, mais trop de gens disent ne pas savoir danser. Enqu\u00eate et retranscription.\" \/>\n<meta name=\"robots\" content=\"index, follow, max-snippet:-1, max-image-preview:large, max-video-preview:-1\" \/>\n<link rel=\"canonical\" href=\"https:\/\/clementineminisini.fr\/index.php\/comment-tu-danses\/\" \/>\n<meta property=\"og:locale\" content=\"en_US\" \/>\n<meta property=\"og:type\" content=\"article\" \/>\n<meta property=\"og:title\" content=\"Comment tu danses ? - Cl\u00e9mentine Minisini\" \/>\n<meta property=\"og:description\" content=\"Tout le monde \u00e0 l&#039;air de bien danser, mais trop de gens disent ne pas savoir danser. Enqu\u00eate et retranscription.\" \/>\n<meta property=\"og:url\" content=\"https:\/\/clementineminisini.fr\/index.php\/comment-tu-danses\/\" \/>\n<meta property=\"og:site_name\" content=\"Cl\u00e9mentine Minisini\" \/>\n<meta property=\"article:modified_time\" content=\"2021-04-06T20:24:57+00:00\" \/>\n<meta property=\"og:image\" content=\"http:\/\/clementineminisini.fr\/wp-content\/uploads\/2021\/03\/DSC_0218-1024x1024.jpg\" \/>\n<meta name=\"twitter:label1\" content=\"Est. reading time\" \/>\n\t<meta name=\"twitter:data1\" content=\"1 minute\" \/>\n<script type=\"application\/ld+json\" class=\"yoast-schema-graph\">{\"@context\":\"https:\/\/schema.org\",\"@graph\":[{\"@type\":\"WebPage\",\"@id\":\"https:\/\/clementineminisini.fr\/index.php\/comment-tu-danses\/\",\"url\":\"https:\/\/clementineminisini.fr\/index.php\/comment-tu-danses\/\",\"name\":\"Comment tu danses ? - Cl\u00e9mentine Minisini\",\"isPartOf\":{\"@id\":\"https:\/\/clementineminisini.fr\/#website\"},\"datePublished\":\"2021-03-27T20:57:24+00:00\",\"dateModified\":\"2021-04-06T20:24:57+00:00\",\"description\":\"Tout le monde \u00e0 l'air de bien danser, mais trop de gens disent ne pas savoir danser. Enqu\u00eate et retranscription.\",\"breadcrumb\":{\"@id\":\"https:\/\/clementineminisini.fr\/index.php\/comment-tu-danses\/#breadcrumb\"},\"inLanguage\":\"en-US\",\"potentialAction\":[{\"@type\":\"ReadAction\",\"target\":[\"https:\/\/clementineminisini.fr\/index.php\/comment-tu-danses\/\"]}]},{\"@type\":\"BreadcrumbList\",\"@id\":\"https:\/\/clementineminisini.fr\/index.php\/comment-tu-danses\/#breadcrumb\",\"itemListElement\":[{\"@type\":\"ListItem\",\"position\":1,\"name\":\"Accueil\",\"item\":\"https:\/\/clementineminisini.fr\/\"},{\"@type\":\"ListItem\",\"position\":2,\"name\":\"Comment tu danses ?\"}]},{\"@type\":\"WebSite\",\"@id\":\"https:\/\/clementineminisini.fr\/#website\",\"url\":\"https:\/\/clementineminisini.fr\/\",\"name\":\"Cl\u00e9mentine Minisini\",\"description\":\"soleil, canard et chocolat\",\"potentialAction\":[{\"@type\":\"SearchAction\",\"target\":{\"@type\":\"EntryPoint\",\"urlTemplate\":\"https:\/\/clementineminisini.fr\/?s={search_term_string}\"},\"query-input\":\"required name=search_term_string\"}],\"inLanguage\":\"en-US\"}]}<\/script>\n<!-- \/ Yoast SEO plugin. -->","yoast_head_json":{"title":"Comment tu danses ? - Cl\u00e9mentine Minisini","description":"Tout le monde \u00e0 l'air de bien danser, mais trop de gens disent ne pas savoir danser. Enqu\u00eate et retranscription.","robots":{"index":"index","follow":"follow","max-snippet":"max-snippet:-1","max-image-preview":"max-image-preview:large","max-video-preview":"max-video-preview:-1"},"canonical":"https:\/\/clementineminisini.fr\/index.php\/comment-tu-danses\/","og_locale":"en_US","og_type":"article","og_title":"Comment tu danses ? - Cl\u00e9mentine Minisini","og_description":"Tout le monde \u00e0 l'air de bien danser, mais trop de gens disent ne pas savoir danser. Enqu\u00eate et retranscription.","og_url":"https:\/\/clementineminisini.fr\/index.php\/comment-tu-danses\/","og_site_name":"Cl\u00e9mentine Minisini","article_modified_time":"2021-04-06T20:24:57+00:00","og_image":[{"url":"http:\/\/clementineminisini.fr\/wp-content\/uploads\/2021\/03\/DSC_0218-1024x1024.jpg"}],"twitter_misc":{"Est. reading time":"1 minute"},"schema":{"@context":"https:\/\/schema.org","@graph":[{"@type":"WebPage","@id":"https:\/\/clementineminisini.fr\/index.php\/comment-tu-danses\/","url":"https:\/\/clementineminisini.fr\/index.php\/comment-tu-danses\/","name":"Comment tu danses ? - Cl\u00e9mentine Minisini","isPartOf":{"@id":"https:\/\/clementineminisini.fr\/#website"},"datePublished":"2021-03-27T20:57:24+00:00","dateModified":"2021-04-06T20:24:57+00:00","description":"Tout le monde \u00e0 l'air de bien danser, mais trop de gens disent ne pas savoir danser. Enqu\u00eate et retranscription.","breadcrumb":{"@id":"https:\/\/clementineminisini.fr\/index.php\/comment-tu-danses\/#breadcrumb"},"inLanguage":"en-US","potentialAction":[{"@type":"ReadAction","target":["https:\/\/clementineminisini.fr\/index.php\/comment-tu-danses\/"]}]},{"@type":"BreadcrumbList","@id":"https:\/\/clementineminisini.fr\/index.php\/comment-tu-danses\/#breadcrumb","itemListElement":[{"@type":"ListItem","position":1,"name":"Accueil","item":"https:\/\/clementineminisini.fr\/"},{"@type":"ListItem","position":2,"name":"Comment tu danses ?"}]},{"@type":"WebSite","@id":"https:\/\/clementineminisini.fr\/#website","url":"https:\/\/clementineminisini.fr\/","name":"Cl\u00e9mentine Minisini","description":"soleil, canard et chocolat","potentialAction":[{"@type":"SearchAction","target":{"@type":"EntryPoint","urlTemplate":"https:\/\/clementineminisini.fr\/?s={search_term_string}"},"query-input":"required name=search_term_string"}],"inLanguage":"en-US"}]}},"_links":{"self":[{"href":"https:\/\/clementineminisini.fr\/index.php\/wp-json\/wp\/v2\/pages\/20","targetHints":{"allow":["GET"]}}],"collection":[{"href":"https:\/\/clementineminisini.fr\/index.php\/wp-json\/wp\/v2\/pages"}],"about":[{"href":"https:\/\/clementineminisini.fr\/index.php\/wp-json\/wp\/v2\/types\/page"}],"author":[{"embeddable":true,"href":"https:\/\/clementineminisini.fr\/index.php\/wp-json\/wp\/v2\/users\/1"}],"replies":[{"embeddable":true,"href":"https:\/\/clementineminisini.fr\/index.php\/wp-json\/wp\/v2\/comments?post=20"}],"version-history":[{"count":9,"href":"https:\/\/clementineminisini.fr\/index.php\/wp-json\/wp\/v2\/pages\/20\/revisions"}],"predecessor-version":[{"id":299,"href":"https:\/\/clementineminisini.fr\/index.php\/wp-json\/wp\/v2\/pages\/20\/revisions\/299"}],"wp:attachment":[{"href":"https:\/\/clementineminisini.fr\/index.php\/wp-json\/wp\/v2\/media?parent=20"}],"curies":[{"name":"wp","href":"https:\/\/api.w.org\/{rel}","templated":true}]}}