{"id":18,"date":"2021-03-27T21:57:24","date_gmt":"2021-03-27T20:57:24","guid":{"rendered":"http:\/\/clementineminisini.fr\/?page_id=18"},"modified":"2021-04-06T17:27:11","modified_gmt":"2021-04-06T15:27:11","slug":"panini-des-amis","status":"publish","type":"page","link":"https:\/\/clementineminisini.fr\/index.php\/panini-des-amis\/","title":{"rendered":"Panini des amis"},"content":{"rendered":"\n<p>Livret panini et ses 293 autocollants<\/p>\n\n\n\n<p>La collection officielle d&#8217;autocollant de mes amis ! &#8211; de mes 3 \u00e0 mes 23 ans &#8211;<br><br>Une bande d\u2019amis comme un banc de poissons, ins\u00e9parables.<br>Chaque ami s\u2019est vu attribuer un nom de poisson, la premi\u00e8re lettre du poisson correspondant \u00e0 la premi\u00e8re lettre de son pr\u00e9nom.<br>Le visage, les v\u00eatements, les centres d\u2019int\u00e9r\u00eats des amis changent suivant l\u2019\u00e2ge et leur \u00e9volution.<\/p>\n\n\n\n<figure class=\"wp-block-gallery columns-1 is-cropped wp-block-gallery-1 is-layout-flex wp-block-gallery-is-layout-flex\"><ul class=\"blocks-gallery-grid\"><li class=\"blocks-gallery-item\"><figure><img loading=\"lazy\" decoding=\"async\" width=\"1024\" height=\"1024\" src=\"http:\/\/clementineminisini.fr\/wp-content\/uploads\/2021\/03\/DSC_0165-1024x1024.jpg\" alt=\"\" data-id=\"151\" data-full-url=\"http:\/\/clementineminisini.fr\/wp-content\/uploads\/2021\/03\/DSC_0165-scaled.jpg\" data-link=\"http:\/\/clementineminisini.fr\/index.php\/panini-des-amis\/dsc_0165\/\" class=\"wp-image-151\" srcset=\"https:\/\/clementineminisini.fr\/wp-content\/uploads\/2021\/03\/DSC_0165-1024x1024.jpg 1024w, https:\/\/clementineminisini.fr\/wp-content\/uploads\/2021\/03\/DSC_0165-300x300.jpg 300w, https:\/\/clementineminisini.fr\/wp-content\/uploads\/2021\/03\/DSC_0165-150x150.jpg 150w, https:\/\/clementineminisini.fr\/wp-content\/uploads\/2021\/03\/DSC_0165-768x768.jpg 768w, https:\/\/clementineminisini.fr\/wp-content\/uploads\/2021\/03\/DSC_0165-1536x1536.jpg 1536w, https:\/\/clementineminisini.fr\/wp-content\/uploads\/2021\/03\/DSC_0165-2048x2048.jpg 2048w, https:\/\/clementineminisini.fr\/wp-content\/uploads\/2021\/03\/DSC_0165-640x640.jpg 640w, https:\/\/clementineminisini.fr\/wp-content\/uploads\/2021\/03\/DSC_0165-1200x1200.jpg 1200w\" sizes=\"auto, (max-width: 1024px) 100vw, 1024px\" \/><\/figure><\/li><li class=\"blocks-gallery-item\"><figure><img loading=\"lazy\" decoding=\"async\" width=\"1024\" height=\"1024\" src=\"http:\/\/clementineminisini.fr\/wp-content\/uploads\/2021\/03\/DSC_0166-1024x1024.jpg\" alt=\"\" data-id=\"152\" data-full-url=\"http:\/\/clementineminisini.fr\/wp-content\/uploads\/2021\/03\/DSC_0166-scaled.jpg\" data-link=\"http:\/\/clementineminisini.fr\/index.php\/panini-des-amis\/dsc_0166\/\" class=\"wp-image-152\" srcset=\"https:\/\/clementineminisini.fr\/wp-content\/uploads\/2021\/03\/DSC_0166-1024x1024.jpg 1024w, https:\/\/clementineminisini.fr\/wp-content\/uploads\/2021\/03\/DSC_0166-300x300.jpg 300w, https:\/\/clementineminisini.fr\/wp-content\/uploads\/2021\/03\/DSC_0166-150x150.jpg 150w, https:\/\/clementineminisini.fr\/wp-content\/uploads\/2021\/03\/DSC_0166-768x768.jpg 768w, https:\/\/clementineminisini.fr\/wp-content\/uploads\/2021\/03\/DSC_0166-1536x1536.jpg 1536w, https:\/\/clementineminisini.fr\/wp-content\/uploads\/2021\/03\/DSC_0166-2048x2048.jpg 2048w, https:\/\/clementineminisini.fr\/wp-content\/uploads\/2021\/03\/DSC_0166-640x640.jpg 640w, https:\/\/clementineminisini.fr\/wp-content\/uploads\/2021\/03\/DSC_0166-1200x1200.jpg 1200w\" sizes=\"auto, (max-width: 1024px) 100vw, 1024px\" \/><\/figure><\/li><li class=\"blocks-gallery-item\"><figure><img loading=\"lazy\" decoding=\"async\" width=\"1024\" height=\"1024\" src=\"http:\/\/clementineminisini.fr\/wp-content\/uploads\/2021\/03\/DSC_0169-1024x1024.jpg\" alt=\"\" data-id=\"153\" data-full-url=\"http:\/\/clementineminisini.fr\/wp-content\/uploads\/2021\/03\/DSC_0169-scaled.jpg\" data-link=\"http:\/\/clementineminisini.fr\/index.php\/panini-des-amis\/dsc_0169\/\" class=\"wp-image-153\" srcset=\"https:\/\/clementineminisini.fr\/wp-content\/uploads\/2021\/03\/DSC_0169-1024x1024.jpg 1024w, https:\/\/clementineminisini.fr\/wp-content\/uploads\/2021\/03\/DSC_0169-300x300.jpg 300w, https:\/\/clementineminisini.fr\/wp-content\/uploads\/2021\/03\/DSC_0169-150x150.jpg 150w, https:\/\/clementineminisini.fr\/wp-content\/uploads\/2021\/03\/DSC_0169-768x768.jpg 768w, https:\/\/clementineminisini.fr\/wp-content\/uploads\/2021\/03\/DSC_0169-1536x1536.jpg 1536w, https:\/\/clementineminisini.fr\/wp-content\/uploads\/2021\/03\/DSC_0169-2048x2048.jpg 2048w, https:\/\/clementineminisini.fr\/wp-content\/uploads\/2021\/03\/DSC_0169-640x640.jpg 640w, https:\/\/clementineminisini.fr\/wp-content\/uploads\/2021\/03\/DSC_0169-1200x1200.jpg 1200w\" sizes=\"auto, (max-width: 1024px) 100vw, 1024px\" \/><\/figure><\/li><li class=\"blocks-gallery-item\"><figure><img loading=\"lazy\" decoding=\"async\" width=\"1024\" height=\"821\" src=\"http:\/\/clementineminisini.fr\/wp-content\/uploads\/2021\/03\/DSC_0170-1024x821.jpg\" alt=\"\" data-id=\"154\" data-full-url=\"http:\/\/clementineminisini.fr\/wp-content\/uploads\/2021\/03\/DSC_0170-scaled.jpg\" data-link=\"http:\/\/clementineminisini.fr\/index.php\/panini-des-amis\/dsc_0170\/\" class=\"wp-image-154\" srcset=\"https:\/\/clementineminisini.fr\/wp-content\/uploads\/2021\/03\/DSC_0170-1024x821.jpg 1024w, https:\/\/clementineminisini.fr\/wp-content\/uploads\/2021\/03\/DSC_0170-300x241.jpg 300w, https:\/\/clementineminisini.fr\/wp-content\/uploads\/2021\/03\/DSC_0170-768x616.jpg 768w, https:\/\/clementineminisini.fr\/wp-content\/uploads\/2021\/03\/DSC_0170-1536x1232.jpg 1536w, https:\/\/clementineminisini.fr\/wp-content\/uploads\/2021\/03\/DSC_0170-2048x1643.jpg 2048w\" sizes=\"auto, (max-width: 1024px) 100vw, 1024px\" \/><\/figure><\/li><\/ul><\/figure>\n\n\n\n<figure class=\"wp-block-gallery columns-1 is-cropped wp-block-gallery-2 is-layout-flex wp-block-gallery-is-layout-flex\"><ul class=\"blocks-gallery-grid\"><li class=\"blocks-gallery-item\"><figure><img loading=\"lazy\" decoding=\"async\" width=\"1024\" height=\"1024\" src=\"http:\/\/clementineminisini.fr\/wp-content\/uploads\/2021\/03\/DSC_0192-1024x1024.jpg\" alt=\"\" data-id=\"78\" data-full-url=\"http:\/\/clementineminisini.fr\/wp-content\/uploads\/2021\/03\/DSC_0192-scaled.jpg\" data-link=\"http:\/\/clementineminisini.fr\/index.php\/panini-des-amis\/dsc_0192\/\" class=\"wp-image-78\" srcset=\"https:\/\/clementineminisini.fr\/wp-content\/uploads\/2021\/03\/DSC_0192-1024x1024.jpg 1024w, https:\/\/clementineminisini.fr\/wp-content\/uploads\/2021\/03\/DSC_0192-300x300.jpg 300w, https:\/\/clementineminisini.fr\/wp-content\/uploads\/2021\/03\/DSC_0192-150x150.jpg 150w, https:\/\/clementineminisini.fr\/wp-content\/uploads\/2021\/03\/DSC_0192-768x768.jpg 768w, https:\/\/clementineminisini.fr\/wp-content\/uploads\/2021\/03\/DSC_0192-1536x1536.jpg 1536w, https:\/\/clementineminisini.fr\/wp-content\/uploads\/2021\/03\/DSC_0192-2048x2048.jpg 2048w, https:\/\/clementineminisini.fr\/wp-content\/uploads\/2021\/03\/DSC_0192-640x640.jpg 640w, https:\/\/clementineminisini.fr\/wp-content\/uploads\/2021\/03\/DSC_0192-1200x1200.jpg 1200w\" sizes=\"auto, (max-width: 1024px) 100vw, 1024px\" \/><\/figure><\/li><\/ul><\/figure>\n\n\n\n<p><\/p>\n","protected":false},"excerpt":{"rendered":"<p>Livret panini et ses 293 autocollants La collection officielle d&#8217;autocollant de mes amis ! &#8211; de mes 3 \u00e0 mes 23 ans &#8211; Une bande d\u2019amis comme un banc de poissons, ins\u00e9parables.Chaque ami s\u2019est vu attribuer un nom de poisson, la premi\u00e8re lettre du poisson correspondant \u00e0 la premi\u00e8re lettre de son pr\u00e9nom.Le visage, les<\/p>\n<p class=\"more-link-wrapper\"><a href=\"https:\/\/clementineminisini.fr\/index.php\/panini-des-amis\/\" class=\"more-link\">Continue Reading<span class=\"screen-reader-text\"> &#8220;Panini des amis&#8221;<\/span><\/a><\/p>\n","protected":false},"author":1,"featured_media":0,"parent":0,"menu_order":0,"comment_status":"closed","ping_status":"closed","template":"","meta":{"footnotes":""},"class_list":["post-18","page","type-page","status-publish","hentry"],"yoast_head":"<!-- This site is optimized with the Yoast SEO plugin v20.6 - https:\/\/yoast.com\/wordpress\/plugins\/seo\/ -->\n<title>Panini des amis - Cl\u00e9mentine Minisini<\/title>\n<meta name=\"description\" content=\"Comment se construisent les amiti\u00e9s ? C&#039;est quoi \u00eatre ami ? Combien de temps \u00e7a dure ? Comment \u00e9voluent les relations ?\" \/>\n<meta name=\"robots\" content=\"index, follow, max-snippet:-1, max-image-preview:large, max-video-preview:-1\" \/>\n<link rel=\"canonical\" href=\"https:\/\/clementineminisini.fr\/index.php\/panini-des-amis\/\" \/>\n<meta property=\"og:locale\" content=\"en_US\" \/>\n<meta property=\"og:type\" content=\"article\" \/>\n<meta property=\"og:title\" content=\"Panini des amis - Cl\u00e9mentine Minisini\" \/>\n<meta property=\"og:description\" content=\"Comment se construisent les amiti\u00e9s ? C&#039;est quoi \u00eatre ami ? Combien de temps \u00e7a dure ? Comment \u00e9voluent les relations ?\" \/>\n<meta property=\"og:url\" content=\"https:\/\/clementineminisini.fr\/index.php\/panini-des-amis\/\" \/>\n<meta property=\"og:site_name\" content=\"Cl\u00e9mentine Minisini\" \/>\n<meta property=\"article:modified_time\" content=\"2021-04-06T15:27:11+00:00\" \/>\n<meta property=\"og:image\" content=\"http:\/\/clementineminisini.fr\/wp-content\/uploads\/2021\/03\/DSC_0165-1024x1024.jpg\" \/>\n<meta name=\"twitter:label1\" content=\"Est. reading time\" \/>\n\t<meta name=\"twitter:data1\" content=\"2 minutes\" \/>\n<script type=\"application\/ld+json\" class=\"yoast-schema-graph\">{\"@context\":\"https:\/\/schema.org\",\"@graph\":[{\"@type\":\"WebPage\",\"@id\":\"https:\/\/clementineminisini.fr\/index.php\/panini-des-amis\/\",\"url\":\"https:\/\/clementineminisini.fr\/index.php\/panini-des-amis\/\",\"name\":\"Panini des amis - Cl\u00e9mentine Minisini\",\"isPartOf\":{\"@id\":\"https:\/\/clementineminisini.fr\/#website\"},\"datePublished\":\"2021-03-27T20:57:24+00:00\",\"dateModified\":\"2021-04-06T15:27:11+00:00\",\"description\":\"Comment se construisent les amiti\u00e9s ? C'est quoi \u00eatre ami ? Combien de temps \u00e7a dure ? Comment \u00e9voluent les relations ?\",\"breadcrumb\":{\"@id\":\"https:\/\/clementineminisini.fr\/index.php\/panini-des-amis\/#breadcrumb\"},\"inLanguage\":\"en-US\",\"potentialAction\":[{\"@type\":\"ReadAction\",\"target\":[\"https:\/\/clementineminisini.fr\/index.php\/panini-des-amis\/\"]}]},{\"@type\":\"BreadcrumbList\",\"@id\":\"https:\/\/clementineminisini.fr\/index.php\/panini-des-amis\/#breadcrumb\",\"itemListElement\":[{\"@type\":\"ListItem\",\"position\":1,\"name\":\"Accueil\",\"item\":\"https:\/\/clementineminisini.fr\/\"},{\"@type\":\"ListItem\",\"position\":2,\"name\":\"Panini des amis\"}]},{\"@type\":\"WebSite\",\"@id\":\"https:\/\/clementineminisini.fr\/#website\",\"url\":\"https:\/\/clementineminisini.fr\/\",\"name\":\"Cl\u00e9mentine Minisini\",\"description\":\"soleil, canard et chocolat\",\"potentialAction\":[{\"@type\":\"SearchAction\",\"target\":{\"@type\":\"EntryPoint\",\"urlTemplate\":\"https:\/\/clementineminisini.fr\/?s={search_term_string}\"},\"query-input\":\"required name=search_term_string\"}],\"inLanguage\":\"en-US\"}]}<\/script>\n<!-- \/ Yoast SEO plugin. -->","yoast_head_json":{"title":"Panini des amis - Cl\u00e9mentine Minisini","description":"Comment se construisent les amiti\u00e9s ? C'est quoi \u00eatre ami ? Combien de temps \u00e7a dure ? Comment \u00e9voluent les relations ?","robots":{"index":"index","follow":"follow","max-snippet":"max-snippet:-1","max-image-preview":"max-image-preview:large","max-video-preview":"max-video-preview:-1"},"canonical":"https:\/\/clementineminisini.fr\/index.php\/panini-des-amis\/","og_locale":"en_US","og_type":"article","og_title":"Panini des amis - Cl\u00e9mentine Minisini","og_description":"Comment se construisent les amiti\u00e9s ? C'est quoi \u00eatre ami ? Combien de temps \u00e7a dure ? Comment \u00e9voluent les relations ?","og_url":"https:\/\/clementineminisini.fr\/index.php\/panini-des-amis\/","og_site_name":"Cl\u00e9mentine Minisini","article_modified_time":"2021-04-06T15:27:11+00:00","og_image":[{"url":"http:\/\/clementineminisini.fr\/wp-content\/uploads\/2021\/03\/DSC_0165-1024x1024.jpg"}],"twitter_misc":{"Est. reading time":"2 minutes"},"schema":{"@context":"https:\/\/schema.org","@graph":[{"@type":"WebPage","@id":"https:\/\/clementineminisini.fr\/index.php\/panini-des-amis\/","url":"https:\/\/clementineminisini.fr\/index.php\/panini-des-amis\/","name":"Panini des amis - Cl\u00e9mentine Minisini","isPartOf":{"@id":"https:\/\/clementineminisini.fr\/#website"},"datePublished":"2021-03-27T20:57:24+00:00","dateModified":"2021-04-06T15:27:11+00:00","description":"Comment se construisent les amiti\u00e9s ? C'est quoi \u00eatre ami ? Combien de temps \u00e7a dure ? Comment \u00e9voluent les relations ?","breadcrumb":{"@id":"https:\/\/clementineminisini.fr\/index.php\/panini-des-amis\/#breadcrumb"},"inLanguage":"en-US","potentialAction":[{"@type":"ReadAction","target":["https:\/\/clementineminisini.fr\/index.php\/panini-des-amis\/"]}]},{"@type":"BreadcrumbList","@id":"https:\/\/clementineminisini.fr\/index.php\/panini-des-amis\/#breadcrumb","itemListElement":[{"@type":"ListItem","position":1,"name":"Accueil","item":"https:\/\/clementineminisini.fr\/"},{"@type":"ListItem","position":2,"name":"Panini des amis"}]},{"@type":"WebSite","@id":"https:\/\/clementineminisini.fr\/#website","url":"https:\/\/clementineminisini.fr\/","name":"Cl\u00e9mentine Minisini","description":"soleil, canard et chocolat","potentialAction":[{"@type":"SearchAction","target":{"@type":"EntryPoint","urlTemplate":"https:\/\/clementineminisini.fr\/?s={search_term_string}"},"query-input":"required name=search_term_string"}],"inLanguage":"en-US"}]}},"_links":{"self":[{"href":"https:\/\/clementineminisini.fr\/index.php\/wp-json\/wp\/v2\/pages\/18","targetHints":{"allow":["GET"]}}],"collection":[{"href":"https:\/\/clementineminisini.fr\/index.php\/wp-json\/wp\/v2\/pages"}],"about":[{"href":"https:\/\/clementineminisini.fr\/index.php\/wp-json\/wp\/v2\/types\/page"}],"author":[{"embeddable":true,"href":"https:\/\/clementineminisini.fr\/index.php\/wp-json\/wp\/v2\/users\/1"}],"replies":[{"embeddable":true,"href":"https:\/\/clementineminisini.fr\/index.php\/wp-json\/wp\/v2\/comments?post=18"}],"version-history":[{"count":8,"href":"https:\/\/clementineminisini.fr\/index.php\/wp-json\/wp\/v2\/pages\/18\/revisions"}],"predecessor-version":[{"id":290,"href":"https:\/\/clementineminisini.fr\/index.php\/wp-json\/wp\/v2\/pages\/18\/revisions\/290"}],"wp:attachment":[{"href":"https:\/\/clementineminisini.fr\/index.php\/wp-json\/wp\/v2\/media?parent=18"}],"curies":[{"name":"wp","href":"https:\/\/api.w.org\/{rel}","templated":true}]}}