{"id":129,"date":"2021-03-28T13:30:23","date_gmt":"2021-03-28T11:30:23","guid":{"rendered":"http:\/\/clementineminisini.fr\/?page_id=129"},"modified":"2021-04-06T11:33:04","modified_gmt":"2021-04-06T09:33:04","slug":"l-bureau-des-plaintes","status":"publish","type":"page","link":"https:\/\/clementineminisini.fr\/index.php\/l-bureau-des-plaintes\/","title":{"rendered":"Rien \u00e0 d\u00e9clarer ?"},"content":{"rendered":"\n<p><\/p>\n\n\n\n<p>Un collectionneur de gadget se fait embaucher dans un tr\u00e8s grand a\u00e9roport.<br>Son plus grand r\u00eave secret ? Devenir pr\u00e9sident de son pays !<\/p>\n\n\n\n<figure class=\"wp-block-gallery columns-1 is-cropped wp-block-gallery-1 is-layout-flex wp-block-gallery-is-layout-flex\"><ul class=\"blocks-gallery-grid\"><li class=\"blocks-gallery-item\"><figure><img loading=\"lazy\" decoding=\"async\" width=\"1024\" height=\"564\" src=\"http:\/\/clementineminisini.fr\/wp-content\/uploads\/2021\/03\/aeroport-1024x564.jpg\" alt=\"\" data-id=\"184\" data-link=\"http:\/\/clementineminisini.fr\/index.php\/le-bureau-des-plaintes\/aeroport\/\" class=\"wp-image-184\" srcset=\"https:\/\/clementineminisini.fr\/wp-content\/uploads\/2021\/03\/aeroport-1024x564.jpg 1024w, https:\/\/clementineminisini.fr\/wp-content\/uploads\/2021\/03\/aeroport-300x165.jpg 300w, https:\/\/clementineminisini.fr\/wp-content\/uploads\/2021\/03\/aeroport-768x423.jpg 768w, https:\/\/clementineminisini.fr\/wp-content\/uploads\/2021\/03\/aeroport-1536x845.jpg 1536w, https:\/\/clementineminisini.fr\/wp-content\/uploads\/2021\/03\/aeroport.jpg 1766w\" sizes=\"auto, (max-width: 1024px) 100vw, 1024px\" \/><\/figure><\/li><li class=\"blocks-gallery-item\"><figure><img loading=\"lazy\" decoding=\"async\" width=\"550\" height=\"1024\" src=\"http:\/\/clementineminisini.fr\/wp-content\/uploads\/2021\/03\/tumblr_on0wu0bApa1tce4t6o1_1280-1-550x1024.jpg\" alt=\"\" data-id=\"186\" data-full-url=\"http:\/\/clementineminisini.fr\/wp-content\/uploads\/2021\/03\/tumblr_on0wu0bApa1tce4t6o1_1280-1.jpg\" data-link=\"http:\/\/clementineminisini.fr\/index.php\/le-bureau-des-plaintes\/tumblr_on0wu0bapa1tce4t6o1_1280-1\/\" class=\"wp-image-186\" srcset=\"https:\/\/clementineminisini.fr\/wp-content\/uploads\/2021\/03\/tumblr_on0wu0bApa1tce4t6o1_1280-1-550x1024.jpg 550w, https:\/\/clementineminisini.fr\/wp-content\/uploads\/2021\/03\/tumblr_on0wu0bApa1tce4t6o1_1280-1-161x300.jpg 161w, https:\/\/clementineminisini.fr\/wp-content\/uploads\/2021\/03\/tumblr_on0wu0bApa1tce4t6o1_1280-1-768x1430.jpg 768w, https:\/\/clementineminisini.fr\/wp-content\/uploads\/2021\/03\/tumblr_on0wu0bApa1tce4t6o1_1280-1-825x1536.jpg 825w, https:\/\/clementineminisini.fr\/wp-content\/uploads\/2021\/03\/tumblr_on0wu0bApa1tce4t6o1_1280-1.jpg 1031w\" sizes=\"auto, (max-width: 550px) 100vw, 550px\" \/><\/figure><\/li><\/ul><\/figure>\n","protected":false},"excerpt":{"rendered":"<p>Un collectionneur de gadget se fait embaucher dans un tr\u00e8s grand a\u00e9roport.Son plus grand r\u00eave secret ? Devenir pr\u00e9sident de son pays !<\/p>\n","protected":false},"author":1,"featured_media":0,"parent":0,"menu_order":0,"comment_status":"closed","ping_status":"closed","template":"","meta":{"footnotes":""},"class_list":["post-129","page","type-page","status-publish","hentry"],"yoast_head":"<!-- This site is optimized with the Yoast SEO plugin v20.6 - https:\/\/yoast.com\/wordpress\/plugins\/seo\/ -->\n<title>Rien \u00e0 d\u00e9clarer ? - Cl\u00e9mentine Minisini<\/title>\n<meta name=\"description\" content=\"Il deviendra pr\u00e9sident de la r\u00e9publique pour rendre sa collection de gadgets inutiles l\u00e9gale dans son pays.\" \/>\n<meta name=\"robots\" content=\"index, follow, max-snippet:-1, max-image-preview:large, max-video-preview:-1\" \/>\n<link rel=\"canonical\" href=\"https:\/\/clementineminisini.fr\/index.php\/l-bureau-des-plaintes\/\" \/>\n<meta property=\"og:locale\" content=\"en_US\" \/>\n<meta property=\"og:type\" content=\"article\" \/>\n<meta property=\"og:title\" content=\"Rien \u00e0 d\u00e9clarer ? - Cl\u00e9mentine Minisini\" \/>\n<meta property=\"og:description\" content=\"Il deviendra pr\u00e9sident de la r\u00e9publique pour rendre sa collection de gadgets inutiles l\u00e9gale dans son pays.\" \/>\n<meta property=\"og:url\" content=\"https:\/\/clementineminisini.fr\/index.php\/l-bureau-des-plaintes\/\" \/>\n<meta property=\"og:site_name\" content=\"Cl\u00e9mentine Minisini\" \/>\n<meta property=\"article:modified_time\" content=\"2021-04-06T09:33:04+00:00\" \/>\n<meta property=\"og:image\" content=\"http:\/\/clementineminisini.fr\/wp-content\/uploads\/2021\/03\/aeroport-1024x564.jpg\" \/>\n<meta name=\"twitter:label1\" content=\"Est. reading time\" \/>\n\t<meta name=\"twitter:data1\" content=\"1 minute\" \/>\n<script type=\"application\/ld+json\" class=\"yoast-schema-graph\">{\"@context\":\"https:\/\/schema.org\",\"@graph\":[{\"@type\":\"WebPage\",\"@id\":\"https:\/\/clementineminisini.fr\/index.php\/l-bureau-des-plaintes\/\",\"url\":\"https:\/\/clementineminisini.fr\/index.php\/l-bureau-des-plaintes\/\",\"name\":\"Rien \u00e0 d\u00e9clarer ? - Cl\u00e9mentine Minisini\",\"isPartOf\":{\"@id\":\"https:\/\/clementineminisini.fr\/#website\"},\"datePublished\":\"2021-03-28T11:30:23+00:00\",\"dateModified\":\"2021-04-06T09:33:04+00:00\",\"description\":\"Il deviendra pr\u00e9sident de la r\u00e9publique pour rendre sa collection de gadgets inutiles l\u00e9gale dans son pays.\",\"breadcrumb\":{\"@id\":\"https:\/\/clementineminisini.fr\/index.php\/l-bureau-des-plaintes\/#breadcrumb\"},\"inLanguage\":\"en-US\",\"potentialAction\":[{\"@type\":\"ReadAction\",\"target\":[\"https:\/\/clementineminisini.fr\/index.php\/l-bureau-des-plaintes\/\"]}]},{\"@type\":\"BreadcrumbList\",\"@id\":\"https:\/\/clementineminisini.fr\/index.php\/l-bureau-des-plaintes\/#breadcrumb\",\"itemListElement\":[{\"@type\":\"ListItem\",\"position\":1,\"name\":\"Accueil\",\"item\":\"https:\/\/clementineminisini.fr\/\"},{\"@type\":\"ListItem\",\"position\":2,\"name\":\"Rien \u00e0 d\u00e9clarer ?\"}]},{\"@type\":\"WebSite\",\"@id\":\"https:\/\/clementineminisini.fr\/#website\",\"url\":\"https:\/\/clementineminisini.fr\/\",\"name\":\"Cl\u00e9mentine Minisini\",\"description\":\"soleil, canard et chocolat\",\"potentialAction\":[{\"@type\":\"SearchAction\",\"target\":{\"@type\":\"EntryPoint\",\"urlTemplate\":\"https:\/\/clementineminisini.fr\/?s={search_term_string}\"},\"query-input\":\"required name=search_term_string\"}],\"inLanguage\":\"en-US\"}]}<\/script>\n<!-- \/ Yoast SEO plugin. -->","yoast_head_json":{"title":"Rien \u00e0 d\u00e9clarer ? - Cl\u00e9mentine Minisini","description":"Il deviendra pr\u00e9sident de la r\u00e9publique pour rendre sa collection de gadgets inutiles l\u00e9gale dans son pays.","robots":{"index":"index","follow":"follow","max-snippet":"max-snippet:-1","max-image-preview":"max-image-preview:large","max-video-preview":"max-video-preview:-1"},"canonical":"https:\/\/clementineminisini.fr\/index.php\/l-bureau-des-plaintes\/","og_locale":"en_US","og_type":"article","og_title":"Rien \u00e0 d\u00e9clarer ? - Cl\u00e9mentine Minisini","og_description":"Il deviendra pr\u00e9sident de la r\u00e9publique pour rendre sa collection de gadgets inutiles l\u00e9gale dans son pays.","og_url":"https:\/\/clementineminisini.fr\/index.php\/l-bureau-des-plaintes\/","og_site_name":"Cl\u00e9mentine Minisini","article_modified_time":"2021-04-06T09:33:04+00:00","og_image":[{"url":"http:\/\/clementineminisini.fr\/wp-content\/uploads\/2021\/03\/aeroport-1024x564.jpg"}],"twitter_misc":{"Est. reading time":"1 minute"},"schema":{"@context":"https:\/\/schema.org","@graph":[{"@type":"WebPage","@id":"https:\/\/clementineminisini.fr\/index.php\/l-bureau-des-plaintes\/","url":"https:\/\/clementineminisini.fr\/index.php\/l-bureau-des-plaintes\/","name":"Rien \u00e0 d\u00e9clarer ? - Cl\u00e9mentine Minisini","isPartOf":{"@id":"https:\/\/clementineminisini.fr\/#website"},"datePublished":"2021-03-28T11:30:23+00:00","dateModified":"2021-04-06T09:33:04+00:00","description":"Il deviendra pr\u00e9sident de la r\u00e9publique pour rendre sa collection de gadgets inutiles l\u00e9gale dans son pays.","breadcrumb":{"@id":"https:\/\/clementineminisini.fr\/index.php\/l-bureau-des-plaintes\/#breadcrumb"},"inLanguage":"en-US","potentialAction":[{"@type":"ReadAction","target":["https:\/\/clementineminisini.fr\/index.php\/l-bureau-des-plaintes\/"]}]},{"@type":"BreadcrumbList","@id":"https:\/\/clementineminisini.fr\/index.php\/l-bureau-des-plaintes\/#breadcrumb","itemListElement":[{"@type":"ListItem","position":1,"name":"Accueil","item":"https:\/\/clementineminisini.fr\/"},{"@type":"ListItem","position":2,"name":"Rien \u00e0 d\u00e9clarer ?"}]},{"@type":"WebSite","@id":"https:\/\/clementineminisini.fr\/#website","url":"https:\/\/clementineminisini.fr\/","name":"Cl\u00e9mentine Minisini","description":"soleil, canard et chocolat","potentialAction":[{"@type":"SearchAction","target":{"@type":"EntryPoint","urlTemplate":"https:\/\/clementineminisini.fr\/?s={search_term_string}"},"query-input":"required name=search_term_string"}],"inLanguage":"en-US"}]}},"_links":{"self":[{"href":"https:\/\/clementineminisini.fr\/index.php\/wp-json\/wp\/v2\/pages\/129","targetHints":{"allow":["GET"]}}],"collection":[{"href":"https:\/\/clementineminisini.fr\/index.php\/wp-json\/wp\/v2\/pages"}],"about":[{"href":"https:\/\/clementineminisini.fr\/index.php\/wp-json\/wp\/v2\/types\/page"}],"author":[{"embeddable":true,"href":"https:\/\/clementineminisini.fr\/index.php\/wp-json\/wp\/v2\/users\/1"}],"replies":[{"embeddable":true,"href":"https:\/\/clementineminisini.fr\/index.php\/wp-json\/wp\/v2\/comments?post=129"}],"version-history":[{"count":4,"href":"https:\/\/clementineminisini.fr\/index.php\/wp-json\/wp\/v2\/pages\/129\/revisions"}],"predecessor-version":[{"id":282,"href":"https:\/\/clementineminisini.fr\/index.php\/wp-json\/wp\/v2\/pages\/129\/revisions\/282"}],"wp:attachment":[{"href":"https:\/\/clementineminisini.fr\/index.php\/wp-json\/wp\/v2\/media?parent=129"}],"curies":[{"name":"wp","href":"https:\/\/api.w.org\/{rel}","templated":true}]}}