{"id":113,"date":"2021-03-28T10:44:36","date_gmt":"2021-03-28T08:44:36","guid":{"rendered":"http:\/\/clementineminisini.fr\/?page_id=113"},"modified":"2022-11-18T20:23:33","modified_gmt":"2022-11-18T19:23:33","slug":"critique","status":"publish","type":"page","link":"https:\/\/clementineminisini.fr\/index.php\/critique\/","title":{"rendered":"Critique"},"content":{"rendered":"\n<p>250 critiques de film mal not\u00e9, \u00e0 vous de trouver de quel film il s&#8217;agit !<\/p>\n\n\n<div class=\"wp-block-image\">\n<figure class=\"alignleft size-large\"><img loading=\"lazy\" decoding=\"async\" width=\"683\" height=\"987\" src=\"http:\/\/clementineminisini.fr\/wp-content\/uploads\/2021\/04\/Capture-decran-2021-04-06-181847.jpg\" alt=\"\" class=\"wp-image-296\" srcset=\"https:\/\/clementineminisini.fr\/wp-content\/uploads\/2021\/04\/Capture-decran-2021-04-06-181847.jpg 683w, https:\/\/clementineminisini.fr\/wp-content\/uploads\/2021\/04\/Capture-decran-2021-04-06-181847-208x300.jpg 208w\" sizes=\"auto, (max-width: 683px) 100vw, 683px\" \/><\/figure>\n<\/div>\n\n<div class=\"wp-block-image\">\n<figure class=\"alignleft size-large\"><img loading=\"lazy\" decoding=\"async\" width=\"1024\" height=\"1024\" src=\"http:\/\/clementineminisini.fr\/wp-content\/uploads\/2022\/02\/IMG_20210107_195819_346-1024x1024.jpg\" alt=\"\" class=\"wp-image-319\" srcset=\"https:\/\/clementineminisini.fr\/wp-content\/uploads\/2022\/02\/IMG_20210107_195819_346-1024x1024.jpg 1024w, https:\/\/clementineminisini.fr\/wp-content\/uploads\/2022\/02\/IMG_20210107_195819_346-300x300.jpg 300w, https:\/\/clementineminisini.fr\/wp-content\/uploads\/2022\/02\/IMG_20210107_195819_346-150x150.jpg 150w, https:\/\/clementineminisini.fr\/wp-content\/uploads\/2022\/02\/IMG_20210107_195819_346-768x768.jpg 768w, https:\/\/clementineminisini.fr\/wp-content\/uploads\/2022\/02\/IMG_20210107_195819_346-640x640.jpg 640w, https:\/\/clementineminisini.fr\/wp-content\/uploads\/2022\/02\/IMG_20210107_195819_346.jpg 1080w\" sizes=\"auto, (max-width: 1024px) 100vw, 1024px\" \/><\/figure>\n<\/div>\n\n<div class=\"wp-block-image\">\n<figure class=\"alignleft size-large\"><img loading=\"lazy\" decoding=\"async\" width=\"1024\" height=\"614\" src=\"http:\/\/clementineminisini.fr\/wp-content\/uploads\/2022\/02\/20210101_151156-1024x614.jpg\" alt=\"\" class=\"wp-image-323\" srcset=\"https:\/\/clementineminisini.fr\/wp-content\/uploads\/2022\/02\/20210101_151156-1024x614.jpg 1024w, https:\/\/clementineminisini.fr\/wp-content\/uploads\/2022\/02\/20210101_151156-300x180.jpg 300w, https:\/\/clementineminisini.fr\/wp-content\/uploads\/2022\/02\/20210101_151156-768x461.jpg 768w, https:\/\/clementineminisini.fr\/wp-content\/uploads\/2022\/02\/20210101_151156-1536x922.jpg 1536w, https:\/\/clementineminisini.fr\/wp-content\/uploads\/2022\/02\/20210101_151156-2048x1229.jpg 2048w\" sizes=\"auto, (max-width: 1024px) 100vw, 1024px\" \/><\/figure>\n<\/div>","protected":false},"excerpt":{"rendered":"<p>250 critiques de film mal not\u00e9, \u00e0 vous de trouver de quel film il s&#8217;agit !<\/p>\n","protected":false},"author":1,"featured_media":0,"parent":0,"menu_order":0,"comment_status":"closed","ping_status":"closed","template":"","meta":{"footnotes":""},"class_list":["post-113","page","type-page","status-publish","hentry"],"yoast_head":"<!-- This site is optimized with the Yoast SEO plugin v20.6 - https:\/\/yoast.com\/wordpress\/plugins\/seo\/ -->\n<title>Critique - Cl\u00e9mentine Minisini<\/title>\n<meta name=\"robots\" content=\"index, follow, max-snippet:-1, max-image-preview:large, max-video-preview:-1\" \/>\n<link rel=\"canonical\" href=\"https:\/\/clementineminisini.fr\/index.php\/critique\/\" \/>\n<meta property=\"og:locale\" content=\"en_US\" \/>\n<meta property=\"og:type\" content=\"article\" \/>\n<meta property=\"og:title\" content=\"Critique - Cl\u00e9mentine Minisini\" \/>\n<meta property=\"og:description\" content=\"250 critiques de film mal not\u00e9, \u00e0 vous de trouver de quel film il s&#8217;agit !\" \/>\n<meta property=\"og:url\" content=\"https:\/\/clementineminisini.fr\/index.php\/critique\/\" \/>\n<meta property=\"og:site_name\" content=\"Cl\u00e9mentine Minisini\" \/>\n<meta property=\"article:modified_time\" content=\"2022-11-18T19:23:33+00:00\" \/>\n<meta property=\"og:image\" content=\"http:\/\/clementineminisini.fr\/wp-content\/uploads\/2021\/04\/Capture-decran-2021-04-06-181847.jpg\" \/>\n<meta name=\"twitter:label1\" content=\"Est. reading time\" \/>\n\t<meta name=\"twitter:data1\" content=\"1 minute\" \/>\n<script type=\"application\/ld+json\" class=\"yoast-schema-graph\">{\"@context\":\"https:\/\/schema.org\",\"@graph\":[{\"@type\":\"WebPage\",\"@id\":\"https:\/\/clementineminisini.fr\/index.php\/critique\/\",\"url\":\"https:\/\/clementineminisini.fr\/index.php\/critique\/\",\"name\":\"Critique - Cl\u00e9mentine Minisini\",\"isPartOf\":{\"@id\":\"https:\/\/clementineminisini.fr\/#website\"},\"datePublished\":\"2021-03-28T08:44:36+00:00\",\"dateModified\":\"2022-11-18T19:23:33+00:00\",\"breadcrumb\":{\"@id\":\"https:\/\/clementineminisini.fr\/index.php\/critique\/#breadcrumb\"},\"inLanguage\":\"en-US\",\"potentialAction\":[{\"@type\":\"ReadAction\",\"target\":[\"https:\/\/clementineminisini.fr\/index.php\/critique\/\"]}]},{\"@type\":\"BreadcrumbList\",\"@id\":\"https:\/\/clementineminisini.fr\/index.php\/critique\/#breadcrumb\",\"itemListElement\":[{\"@type\":\"ListItem\",\"position\":1,\"name\":\"Accueil\",\"item\":\"https:\/\/clementineminisini.fr\/\"},{\"@type\":\"ListItem\",\"position\":2,\"name\":\"Critique\"}]},{\"@type\":\"WebSite\",\"@id\":\"https:\/\/clementineminisini.fr\/#website\",\"url\":\"https:\/\/clementineminisini.fr\/\",\"name\":\"Cl\u00e9mentine Minisini\",\"description\":\"soleil, canard et chocolat\",\"potentialAction\":[{\"@type\":\"SearchAction\",\"target\":{\"@type\":\"EntryPoint\",\"urlTemplate\":\"https:\/\/clementineminisini.fr\/?s={search_term_string}\"},\"query-input\":\"required name=search_term_string\"}],\"inLanguage\":\"en-US\"}]}<\/script>\n<!-- \/ Yoast SEO plugin. -->","yoast_head_json":{"title":"Critique - Cl\u00e9mentine Minisini","robots":{"index":"index","follow":"follow","max-snippet":"max-snippet:-1","max-image-preview":"max-image-preview:large","max-video-preview":"max-video-preview:-1"},"canonical":"https:\/\/clementineminisini.fr\/index.php\/critique\/","og_locale":"en_US","og_type":"article","og_title":"Critique - Cl\u00e9mentine Minisini","og_description":"250 critiques de film mal not\u00e9, \u00e0 vous de trouver de quel film il s&#8217;agit !","og_url":"https:\/\/clementineminisini.fr\/index.php\/critique\/","og_site_name":"Cl\u00e9mentine Minisini","article_modified_time":"2022-11-18T19:23:33+00:00","og_image":[{"url":"http:\/\/clementineminisini.fr\/wp-content\/uploads\/2021\/04\/Capture-decran-2021-04-06-181847.jpg"}],"twitter_misc":{"Est. reading time":"1 minute"},"schema":{"@context":"https:\/\/schema.org","@graph":[{"@type":"WebPage","@id":"https:\/\/clementineminisini.fr\/index.php\/critique\/","url":"https:\/\/clementineminisini.fr\/index.php\/critique\/","name":"Critique - Cl\u00e9mentine Minisini","isPartOf":{"@id":"https:\/\/clementineminisini.fr\/#website"},"datePublished":"2021-03-28T08:44:36+00:00","dateModified":"2022-11-18T19:23:33+00:00","breadcrumb":{"@id":"https:\/\/clementineminisini.fr\/index.php\/critique\/#breadcrumb"},"inLanguage":"en-US","potentialAction":[{"@type":"ReadAction","target":["https:\/\/clementineminisini.fr\/index.php\/critique\/"]}]},{"@type":"BreadcrumbList","@id":"https:\/\/clementineminisini.fr\/index.php\/critique\/#breadcrumb","itemListElement":[{"@type":"ListItem","position":1,"name":"Accueil","item":"https:\/\/clementineminisini.fr\/"},{"@type":"ListItem","position":2,"name":"Critique"}]},{"@type":"WebSite","@id":"https:\/\/clementineminisini.fr\/#website","url":"https:\/\/clementineminisini.fr\/","name":"Cl\u00e9mentine Minisini","description":"soleil, canard et chocolat","potentialAction":[{"@type":"SearchAction","target":{"@type":"EntryPoint","urlTemplate":"https:\/\/clementineminisini.fr\/?s={search_term_string}"},"query-input":"required name=search_term_string"}],"inLanguage":"en-US"}]}},"_links":{"self":[{"href":"https:\/\/clementineminisini.fr\/index.php\/wp-json\/wp\/v2\/pages\/113","targetHints":{"allow":["GET"]}}],"collection":[{"href":"https:\/\/clementineminisini.fr\/index.php\/wp-json\/wp\/v2\/pages"}],"about":[{"href":"https:\/\/clementineminisini.fr\/index.php\/wp-json\/wp\/v2\/types\/page"}],"author":[{"embeddable":true,"href":"https:\/\/clementineminisini.fr\/index.php\/wp-json\/wp\/v2\/users\/1"}],"replies":[{"embeddable":true,"href":"https:\/\/clementineminisini.fr\/index.php\/wp-json\/wp\/v2\/comments?post=113"}],"version-history":[{"count":8,"href":"https:\/\/clementineminisini.fr\/index.php\/wp-json\/wp\/v2\/pages\/113\/revisions"}],"predecessor-version":[{"id":381,"href":"https:\/\/clementineminisini.fr\/index.php\/wp-json\/wp\/v2\/pages\/113\/revisions\/381"}],"wp:attachment":[{"href":"https:\/\/clementineminisini.fr\/index.php\/wp-json\/wp\/v2\/media?parent=113"}],"curies":[{"name":"wp","href":"https:\/\/api.w.org\/{rel}","templated":true}]}}